{"id":53173,"date":"2022-05-26T11:07:33","date_gmt":"2022-05-26T08:07:33","guid":{"rendered":"https:\/\/totalblue.ro\/?post_type=product&#038;p=53173"},"modified":"2025-08-01T10:29:17","modified_gmt":"2025-08-01T07:29:17","slug":"piure-bio-pentru-bebelusi-bon-bebe-morcov-4-luni-125g","status":"publish","type":"product","link":"https:\/\/totalblue.ro\/nl\/produs\/piure-bio-pentru-bebelusi-bon-bebe-morcov-4-luni-125g\/","title":{"rendered":"Piure BIO pentru bebelusi Bon Bebe Morcov 4+ luni, 125g"},"content":{"rendered":"<p>Bij Bonb\u00e9b\u00e9 begrijpen we dat je het beste voor je baby wilt. Daarom gebruiken we zorgvuldig geselecteerde en gecontroleerde ingredi\u00ebnten in al onze producten.<br \/>\nSamengesteld door voedingsdeskundigen. Bovendien bevatten onze producten alleen natuurlijke suikers en zouten.<br \/>\nZo bieden we goede producten zodat je je kind je volledige aandacht kunt geven.<br \/>\n<strong>Bio<\/strong><br \/>\n<strong>\u2713 Piure fin<\/strong><br \/>\n<strong>\u2713 Vegetarian<\/strong><\/p>\n<p>Piure BIO Bon Bebe cu Morcovi pentru bebelusi cu varsta peste 4 luni.<br \/>\nBabyvoeding heeft een smaak en textuur die bijdraagt aan de smaakontwikkeling.<\/p>\n<p>Piure BIO Bon Bebe cu Morcovi pentru bebelusi cu varsta peste 4 luni.<br \/>\nBabyvoeding heeft een smaak en textuur die bijdraagt aan de smaakontwikkeling.<br \/>\nEen heerlijk babyhapje met pure en natuurlijke ingredi\u00ebnten.<br \/>\nCon\u021binut si greutate: 125 grame.<br \/>\nIngrediente:morcov*, apa*, *de origine BIO<br \/>\nVerpakt in een glazen pot met klikdeksel.<br \/>\nDruk voor het openen op het deksel. Als het niet klikt, mag u de inhoud niet gebruiken!<br \/>\nMeng de inhoud en doe de gewenste hoeveelheid op een bord. Gebruik hiervoor een plastic lepel.<br \/>\nBewaar de resterende inhoud afgesloten in de koelkast en gebruik binnen 24 uur.<br \/>\nSe incalzeste in cuptorul cu microunde timp de aproximativ 20 secunde la 600W.<br \/>\nRoer na het verwarmen nogmaals goed door en controleer de temperatuur.<br \/>\nGebruik restjes niet opnieuw.<br \/>\nVoedingswaarden\/100g:<br \/>\nEnergie 113 kJ (27 kcal)<br \/>\nGrasimi 0,2 g din care grasimi saturate &lt;0.1 g<br \/>\nGlucide 4.7 g din care zaharuri 4.6 g<br \/>\nEiwit 0,5 g<br \/>\nSare 0,14 g<\/p>\n<p>Gemaakt in Nederland door Bonb\u00e9b\u00e9, Antwoordnummer 3500, 4140 VH Beesd<br \/>\nImporteur en distributeur Total Blue Impex SRL<\/p>","protected":false},"excerpt":{"rendered":"<p>La Bonb\u00e9b\u00e9 intelegem ca iti doresti tot ce este mai bun pentru copilul tau. De aceea folosim ingrediente atent selectate si controlate de buna calitate in toate produsele noastre. Formulat de nutritionisti. In plus, produsele noastre contin numai zaharuri si saruri naturale. In acest fel oferim produse bune, astfel incat sa puteti acorda toata atentia [&#8230;]\n","protected":false},"featured_media":53175,"comment_status":"open","ping_status":"closed","template":"","meta":{"_acf_changed":false,"_seopress_robots_primary_cat":"1767","_seopress_titles_title":"Piure BIO pentru bebelusi Bon Bebe Morcov 4+ luni, 125g","_seopress_titles_desc":"Piure BIO Bon Bebe cu Morcovi pentru bebelusi cu varsta peste 4 luni. Mancarea are o savoare si textura ce contribuie la dezvoltarea gustului.","_seopress_robots_index":""},"product_brand":[7974],"product_cat":[1984,1520,5677,1767],"giftcard-category":[],"class_list":{"0":"post-53173","1":"product","2":"type-product","3":"status-publish","4":"has-post-thumbnail","6":"product_brand-bon-bebe","7":"product_cat-hrana-bebelusi","8":"product_cat-mama-copilul","9":"product_cat-mancare-si-accesorii-bebe","10":"product_cat-produse-olanda","12":"first","13":"outofstock","14":"taxable","15":"shipping-taxable","16":"purchasable","17":"product-type-simple"},"acf":[],"_links":{"self":[{"href":"https:\/\/totalblue.ro\/nl\/wp-json\/wp\/v2\/product\/53173","targetHints":{"allow":["GET"]}}],"collection":[{"href":"https:\/\/totalblue.ro\/nl\/wp-json\/wp\/v2\/product"}],"about":[{"href":"https:\/\/totalblue.ro\/nl\/wp-json\/wp\/v2\/types\/product"}],"replies":[{"embeddable":true,"href":"https:\/\/totalblue.ro\/nl\/wp-json\/wp\/v2\/comments?post=53173"}],"wp:featuredmedia":[{"embeddable":true,"href":"https:\/\/totalblue.ro\/nl\/wp-json\/wp\/v2\/media\/53175"}],"wp:attachment":[{"href":"https:\/\/totalblue.ro\/nl\/wp-json\/wp\/v2\/media?parent=53173"}],"wp:term":[{"taxonomy":"product_brand","embeddable":true,"href":"https:\/\/totalblue.ro\/nl\/wp-json\/wp\/v2\/product_brand?post=53173"},{"taxonomy":"product_cat","embeddable":true,"href":"https:\/\/totalblue.ro\/nl\/wp-json\/wp\/v2\/product_cat?post=53173"},{"taxonomy":"giftcard-category","embeddable":true,"href":"https:\/\/totalblue.ro\/nl\/wp-json\/wp\/v2\/giftcard-category?post=53173"}],"curies":[{"name":"wp","href":"https:\/\/api.w.org\/{rel}","templated":true}]}}