{"id":53197,"date":"2022-05-26T11:46:11","date_gmt":"2022-05-26T08:46:11","guid":{"rendered":"https:\/\/totalblue.ro\/?post_type=product&#038;p=53197"},"modified":"2025-08-01T10:29:09","modified_gmt":"2025-08-01T07:29:09","slug":"mancare-bio-pentru-bebelusi-bon-bebe-spaghete-bolognese-cu-vita-8-luni-200g","status":"publish","type":"product","link":"https:\/\/totalblue.ro\/nl\/produs\/mancare-bio-pentru-bebelusi-bon-bebe-spaghete-bolognese-cu-vita-8-luni-200g\/","title":{"rendered":"Biologische babyvoeding Bon Bebe Spaghetti Bolognese met Vita 8+ maanden, 200g"},"content":{"rendered":"<p>Bij Bonb\u00e9b\u00e9 begrijpen we dat je het beste voor je baby wilt. Daarom gebruiken we zorgvuldig geselecteerde en gecontroleerde ingredi\u00ebnten in al onze producten.<br \/>\nSamengesteld door voedingsdeskundigen. Bovendien bevatten onze producten alleen natuurlijke suikers en zouten.<br \/>\nZo bieden we goede producten zodat je je kind je volledige aandacht kunt geven.<br \/>\n<strong>Bio<\/strong><br \/>\n<strong>\u2713 In stukken<\/strong><\/p>\n<p>Mancare BIO Bon Bebe Spaghete Bolognese pentru bebelusi cu varsta peste 8 luni.<br \/>\nBabyvoeding heeft een smaak en textuur die bijdraagt aan de smaakontwikkeling.<br \/>\nEen heerlijk babyhapje met pure en natuurlijke ingredi\u00ebnten.<br \/>\nInhoud en gewicht: 200 gram.<br \/>\n<strong>Ingredi\u00ebnt<\/strong>: Apa, morcov*, 18% paste integrale fierte (apa, faina integrala*), 8% vita*, 6% rosii*, 6% pasta de rosii*, busuioc*, praf de ceapa*, pudra de usturoi*, oregano *, piper negru*, *de origine BIO.<br \/>\n<strong>Allergenen<\/strong>: cereale care contin gluten, grau si produse pe baza de grau.<br \/>\nVerpakt in een glazen pot met klikdeksel.<br \/>\nDruk voor het openen op het deksel. Als het niet klikt, mag u de inhoud niet gebruiken!<br \/>\n<strong>Voorbereiding:<\/strong> Meng de inhoud en doe de gewenste hoeveelheid op een bord. Gebruik hiervoor een plastic lepel.<br \/>\nBewaar de resterende inhoud afgesloten in de koelkast en gebruik binnen 24 uur.<br \/>\nVerwarm ongeveer 30 seconden in de magnetron op 600W.<br \/>\nRoer na het verwarmen nogmaals goed door en controleer de temperatuur.<br \/>\nGebruik restjes niet opnieuw.<br \/>\n<strong>Voedingswaarden\/100g:<\/strong><br \/>\nEnergie 201 kJ (48 kcal)<br \/>\nGrasimi 1.5 g din care grasimi saturate 0.6 g<br \/>\nGlucide 5.6 g din care zaharuri 2.2 g<br \/>\nFibre 1.3 g<br \/>\nProteine \u200b\u200b2.4 g<br \/>\nZout 0,02 g<\/p>\n<p>Gemaakt in Nederland door Bonb\u00e9b\u00e9, Antwoordnummer 3500, 4140 VH Beesd<br \/>\nImporteur en distributeur Total Blue Impex SRL<\/p>","protected":false},"excerpt":{"rendered":"<p>La Bonb\u00e9b\u00e9 intelegem ca iti doresti tot ce este mai bun pentru copilul tau. De aceea folosim ingrediente atent selectate si controlate de buna calitate in toate produsele noastre. Formulat de nutritionisti. In plus, produsele noastre contin numai zaharuri si saruri naturale. In acest fel oferim produse bune, astfel incat sa puteti acorda toata atentia [&#8230;]\n","protected":false},"featured_media":53199,"comment_status":"open","ping_status":"closed","template":"","meta":{"_acf_changed":false,"_seopress_robots_primary_cat":"1767","_seopress_titles_title":"Mancare BIO pentru bebelusi Bon Bebe Spaghete Bolognese cu Vita 8+ luni, 200g","_seopress_titles_desc":"Mancare BIO Bon Bebe Spaghete Bolognese pentru bebelusi cu varsta peste 8 luni.\r\nMancarea are o savoare si textura ce contribuie la dezvoltarea gustului.","_seopress_robots_index":""},"product_brand":[7974],"product_cat":[1984,1520,5677,1767],"giftcard-category":[],"class_list":{"0":"post-53197","1":"product","2":"type-product","3":"status-publish","4":"has-post-thumbnail","6":"product_brand-bon-bebe","7":"product_cat-hrana-bebelusi","8":"product_cat-mama-copilul","9":"product_cat-mancare-si-accesorii-bebe","10":"product_cat-produse-olanda","12":"first","13":"outofstock","14":"taxable","15":"shipping-taxable","16":"purchasable","17":"product-type-simple"},"acf":[],"_links":{"self":[{"href":"https:\/\/totalblue.ro\/nl\/wp-json\/wp\/v2\/product\/53197","targetHints":{"allow":["GET"]}}],"collection":[{"href":"https:\/\/totalblue.ro\/nl\/wp-json\/wp\/v2\/product"}],"about":[{"href":"https:\/\/totalblue.ro\/nl\/wp-json\/wp\/v2\/types\/product"}],"replies":[{"embeddable":true,"href":"https:\/\/totalblue.ro\/nl\/wp-json\/wp\/v2\/comments?post=53197"}],"wp:featuredmedia":[{"embeddable":true,"href":"https:\/\/totalblue.ro\/nl\/wp-json\/wp\/v2\/media\/53199"}],"wp:attachment":[{"href":"https:\/\/totalblue.ro\/nl\/wp-json\/wp\/v2\/media?parent=53197"}],"wp:term":[{"taxonomy":"product_brand","embeddable":true,"href":"https:\/\/totalblue.ro\/nl\/wp-json\/wp\/v2\/product_brand?post=53197"},{"taxonomy":"product_cat","embeddable":true,"href":"https:\/\/totalblue.ro\/nl\/wp-json\/wp\/v2\/product_cat?post=53197"},{"taxonomy":"giftcard-category","embeddable":true,"href":"https:\/\/totalblue.ro\/nl\/wp-json\/wp\/v2\/giftcard-category?post=53197"}],"curies":[{"name":"wp","href":"https:\/\/api.w.org\/{rel}","templated":true}]}}