{"id":53205,"date":"2022-05-26T12:39:04","date_gmt":"2022-05-26T09:39:04","guid":{"rendered":"https:\/\/totalblue.ro\/?post_type=product&#038;p=53205"},"modified":"2025-08-01T10:29:06","modified_gmt":"2025-08-01T07:29:06","slug":"piure-bio-bon-bebe-piersica-mar-banana-kiwi-12-luni-200g","status":"publish","type":"product","link":"https:\/\/totalblue.ro\/nl\/produs\/piure-bio-bon-bebe-piersica-mar-banana-kiwi-12-luni-200g\/","title":{"rendered":"Bon Bebe Biologische Puree Perzik, Appel, Banaan, Kiwi 12+ maanden, 200g"},"content":{"rendered":"<p>Bij Bonb\u00e9b\u00e9 begrijpen we dat je het beste voor je baby wilt. Daarom gebruiken we zorgvuldig geselecteerde en gecontroleerde ingredi\u00ebnten in al onze producten.<br \/>\nSamengesteld door voedingsdeskundigen. Bovendien bevatten onze producten alleen natuurlijke suikers en zouten.<br \/>\nZo bieden we goede producten zodat je je kind je volledige aandacht kunt geven.<\/p>\n<p><strong>Bio<\/strong><br \/>\n<strong>\u2713 Piure<br \/>\n\u2713 Vegetarian<br \/>\n<\/strong><\/p>\n<p>Piure BIO Bon Bebe cu piersici, mere, banane si kiwi pentru bebelusii cu varsta peste 12 luni.<br \/>\nEen heerlijk babyhapje met pure en natuurlijke ingredi\u00ebnten.<br \/>\nInhoud en gewicht: 200 gram.<br \/>\n<strong>Ingredi\u00ebnt<\/strong>: 32% piersici*, 27% mere*, apa, 13% banane*, 5% kiwi*, faina de orez*, vitamina C, *de origine BIO.<br \/>\nVerpakt in een glazen pot met klikdeksel.<br \/>\nDruk voor het openen op het deksel. Als het niet klikt, mag u de inhoud niet gebruiken!<br \/>\n<strong>Voorbereiding<\/strong>Meng de inhoud en doe de gewenste hoeveelheid op een bord. Gebruik hiervoor een plastic lepel.<br \/>\nBewaar de resterende inhoud afgesloten in de koelkast en gebruik binnen 24 uur.<br \/>\nGebruik restjes niet opnieuw.<br \/>\n<strong>Voedingswaarden\/100g:<\/strong><br \/>\nEnergie 239 kJ (56 kcal)<br \/>\nVet 0,2 g waarvan verzadigd 0,0 g<br \/>\nGlucide 11.9 g din care zaharuri 8.2 g<br \/>\nEiwit 0,8 g<br \/>\nSare &lt;0.01 g<br \/>\nVitamine C 15 mg<\/p>\n<p>Gemaakt in Nederland door Bonb\u00e9b\u00e9, Antwoordnummer 3500, 4140 VH Beesd<br \/>\nImporteur en distributeur Total Blue Impex SRL<\/p>","protected":false},"excerpt":{"rendered":"<p>La Bonb\u00e9b\u00e9 intelegem ca iti doresti tot ce este mai bun pentru copilul tau. De aceea folosim ingrediente atent selectate si controlate de buna calitate in toate produsele noastre. Formulat de nutritionisti. In plus, produsele noastre contin numai zaharuri si saruri naturale. In acest fel oferim produse bune, astfel incat sa puteti acorda toata atentia [&#8230;]\n","protected":false},"featured_media":53207,"comment_status":"open","ping_status":"closed","template":"","meta":{"_acf_changed":false,"_seopress_robots_primary_cat":"1767","_seopress_titles_title":"Piure BIO pentru bebelusi Bon Bebe Morcov 4+ luni, 125g","_seopress_titles_desc":"Piure BIO Bon Bebe cu Morcovi pentru bebelusi cu varsta peste 4 luni. Mancarea are o savoare si textura ce contribuie la dezvoltarea gustului.","_seopress_robots_index":""},"product_brand":[7974],"product_cat":[1984,1520,5677,1767],"giftcard-category":[],"class_list":{"0":"post-53205","1":"product","2":"type-product","3":"status-publish","4":"has-post-thumbnail","6":"product_brand-bon-bebe","7":"product_cat-hrana-bebelusi","8":"product_cat-mama-copilul","9":"product_cat-mancare-si-accesorii-bebe","10":"product_cat-produse-olanda","12":"first","13":"outofstock","14":"taxable","15":"shipping-taxable","16":"purchasable","17":"product-type-simple"},"acf":[],"_links":{"self":[{"href":"https:\/\/totalblue.ro\/nl\/wp-json\/wp\/v2\/product\/53205","targetHints":{"allow":["GET"]}}],"collection":[{"href":"https:\/\/totalblue.ro\/nl\/wp-json\/wp\/v2\/product"}],"about":[{"href":"https:\/\/totalblue.ro\/nl\/wp-json\/wp\/v2\/types\/product"}],"replies":[{"embeddable":true,"href":"https:\/\/totalblue.ro\/nl\/wp-json\/wp\/v2\/comments?post=53205"}],"wp:featuredmedia":[{"embeddable":true,"href":"https:\/\/totalblue.ro\/nl\/wp-json\/wp\/v2\/media\/53207"}],"wp:attachment":[{"href":"https:\/\/totalblue.ro\/nl\/wp-json\/wp\/v2\/media?parent=53205"}],"wp:term":[{"taxonomy":"product_brand","embeddable":true,"href":"https:\/\/totalblue.ro\/nl\/wp-json\/wp\/v2\/product_brand?post=53205"},{"taxonomy":"product_cat","embeddable":true,"href":"https:\/\/totalblue.ro\/nl\/wp-json\/wp\/v2\/product_cat?post=53205"},{"taxonomy":"giftcard-category","embeddable":true,"href":"https:\/\/totalblue.ro\/nl\/wp-json\/wp\/v2\/giftcard-category?post=53205"}],"curies":[{"name":"wp","href":"https:\/\/api.w.org\/{rel}","templated":true}]}}