{"id":53221,"date":"2022-05-26T12:55:57","date_gmt":"2022-05-26T09:55:57","guid":{"rendered":"https:\/\/totalblue.ro\/?post_type=product&#038;p=53221"},"modified":"2025-08-01T10:28:58","modified_gmt":"2025-08-01T07:28:58","slug":"bio-bon-bebe-mancare-de-paste-cu-branza-12-luni-250g","status":"publish","type":"product","link":"https:\/\/totalblue.ro\/nl\/produs\/bio-bon-bebe-mancare-de-paste-cu-branza-12-luni-250g\/","title":{"rendered":"BIO Bon Bebe Pasta met Kaas 12+ maanden, 250g"},"content":{"rendered":"<p>Bij Bonb\u00e9b\u00e9 begrijpen we dat je het beste voor je baby wilt. Daarom gebruiken we zorgvuldig geselecteerde en gecontroleerde ingredi\u00ebnten in al onze producten.<br \/>\nSamengesteld door voedingsdeskundigen. Bovendien bevatten onze producten alleen natuurlijke suikers en zouten.<br \/>\nZo bieden we goede producten zodat je je kind je volledige aandacht kunt geven.<br \/>\n<strong>Bio<\/strong><br \/>\n<strong>\u2713 In stukken<br \/>\n\u2713 Vegetarian<br \/>\n<\/strong><\/p>\n<p>BIO Bon Bebe Mancare de Paste cu Branza pentru bebelusi cu varsta peste 12 luni.<br \/>\nBabyvoeding heeft een smaak en textuur die bijdraagt aan de smaakontwikkeling.<br \/>\nEen heerlijk babyhapje met pure en natuurlijke ingredi\u00ebnten.<br \/>\nInhoud en gewicht: 250 gram.<br \/>\n<strong>Ingredi\u00ebnt<\/strong>: <span class=\"goog-text-highlight\">43% legume (70% morcov*, 12% ro\u0219ii*, 12% maz\u0103re*, porumb*), ap\u0103, 18% paste de gr\u00e2u integral fierte (ap\u0103, f\u0103in\u0103 integral\u0103 de gr\u00e2u*), 4% br\u00e2nz\u0103* (LAPTE), busuioc*, oregano*, piper negru*<\/span>van organische oorsprong.<br \/>\n<strong>Allergenen:\u00a0<\/strong>lapte si produse pe baza de lapte; cereale care contin gluten; lactoza; grau si produse pe baza de grau.<br \/>\nVerpakt in een glazen pot met klikdeksel.<br \/>\nDruk voor het openen op het deksel. Als het niet klikt, mag u de inhoud niet gebruiken!<br \/>\n<strong>Voorbereiding:<\/strong> Meng de inhoud en doe de gewenste hoeveelheid op een bord. Gebruik hiervoor een plastic lepel.<br \/>\nBewaar de resterende inhoud afgesloten in de koelkast en gebruik binnen 24 uur.<br \/>\nVerwarm ongeveer 30 seconden in de magnetron op 600W.<br \/>\nRoer na het verwarmen nogmaals goed door en controleer de temperatuur.<br \/>\nGebruik restjes niet opnieuw.<br \/>\n<strong>Voedingswaarden\/100g:<\/strong><br \/>\nEnergie 215 kJ (51 kcal)<br \/>\nGrasimi 1.4 g din care grasimi saturate 0.4 g<br \/>\nGlucide 6.7 g din care zaharuri 2.3 g<br \/>\nVezels 1,5 g<br \/>\nEiwit 2,3 g<br \/>\nSare 0.05 g<\/p>\n<p>Gemaakt in Nederland door Bonb\u00e9b\u00e9, Antwoordnummer 3500, 4140 VH Beesd<br \/>\nImporteur en distributeur Total Blue Impex SRL<\/p>","protected":false},"excerpt":{"rendered":"<p>La Bonb\u00e9b\u00e9 intelegem ca iti doresti tot ce este mai bun pentru copilul tau. De aceea folosim ingrediente atent selectate si controlate de buna calitate in toate produsele noastre. Formulat de nutritionisti. In plus, produsele noastre contin numai zaharuri si saruri naturale. In acest fel oferim produse bune, astfel incat sa puteti acorda toata atentia [&#8230;]\n","protected":false},"featured_media":53223,"comment_status":"open","ping_status":"closed","template":"","meta":{"_acf_changed":false,"_seopress_robots_primary_cat":"1767","_seopress_titles_title":"Piure BIO pentru bebelusi Bon Bebe Morcov 4+ luni, 125g","_seopress_titles_desc":"","_seopress_robots_index":""},"product_brand":[7974],"product_cat":[1984,1520,5677,1767],"giftcard-category":[],"class_list":{"0":"post-53221","1":"product","2":"type-product","3":"status-publish","4":"has-post-thumbnail","6":"product_brand-bon-bebe","7":"product_cat-hrana-bebelusi","8":"product_cat-mama-copilul","9":"product_cat-mancare-si-accesorii-bebe","10":"product_cat-produse-olanda","12":"first","13":"outofstock","14":"taxable","15":"shipping-taxable","16":"purchasable","17":"product-type-simple"},"acf":[],"_links":{"self":[{"href":"https:\/\/totalblue.ro\/nl\/wp-json\/wp\/v2\/product\/53221","targetHints":{"allow":["GET"]}}],"collection":[{"href":"https:\/\/totalblue.ro\/nl\/wp-json\/wp\/v2\/product"}],"about":[{"href":"https:\/\/totalblue.ro\/nl\/wp-json\/wp\/v2\/types\/product"}],"replies":[{"embeddable":true,"href":"https:\/\/totalblue.ro\/nl\/wp-json\/wp\/v2\/comments?post=53221"}],"wp:featuredmedia":[{"embeddable":true,"href":"https:\/\/totalblue.ro\/nl\/wp-json\/wp\/v2\/media\/53223"}],"wp:attachment":[{"href":"https:\/\/totalblue.ro\/nl\/wp-json\/wp\/v2\/media?parent=53221"}],"wp:term":[{"taxonomy":"product_brand","embeddable":true,"href":"https:\/\/totalblue.ro\/nl\/wp-json\/wp\/v2\/product_brand?post=53221"},{"taxonomy":"product_cat","embeddable":true,"href":"https:\/\/totalblue.ro\/nl\/wp-json\/wp\/v2\/product_cat?post=53221"},{"taxonomy":"giftcard-category","embeddable":true,"href":"https:\/\/totalblue.ro\/nl\/wp-json\/wp\/v2\/giftcard-category?post=53221"}],"curies":[{"name":"wp","href":"https:\/\/api.w.org\/{rel}","templated":true}]}}