{"id":53225,"date":"2022-05-26T12:58:39","date_gmt":"2022-05-26T09:58:39","guid":{"rendered":"https:\/\/totalblue.ro\/?post_type=product&#038;p=53225"},"modified":"2025-08-01T10:28:57","modified_gmt":"2025-08-01T07:28:57","slug":"bon-bebe-bio-puree-met-banaan-appel-en-koekjes-8-maanden-200g","status":"publish","type":"product","link":"https:\/\/totalblue.ro\/nl\/produs\/piure-bio-bon-bebe-cu-banane-mere-si-biscuiti-8-luni-200g\/","title":{"rendered":"Bon Bebe biologische puree met banaan, appel en koekjes 8+ maanden, 200g"},"content":{"rendered":"<p>Bij Bonb\u00e9b\u00e9 begrijpen we dat je het beste voor je baby wilt. Daarom gebruiken we zorgvuldig geselecteerde en gecontroleerde ingredi\u00ebnten in al onze producten.<br \/>\nSamengesteld door voedingsdeskundigen. Bovendien bevatten onze producten alleen natuurlijke suikers en zouten.<br \/>\nZo bieden we goede producten zodat je je kind je volledige aandacht kunt geven.<\/p>\n<p><strong>Bio<\/strong><br \/>\n<strong>\u2713 Piure<\/strong><\/p>\n<p>Bon Bebe biologische puree met banaan, appel en koekjes voor baby's vanaf 8 maanden.<br \/>\nEen heerlijk babyhapje met pure en natuurlijke ingredi\u00ebnten.<br \/>\nInhoud en gewicht: 200 gram.<br \/>\n<strong>Ingredi\u00ebnt<\/strong>: water, 42% bananen*, 5,5% appels*, 4,5% koekjes (GRAU bloem*, suiker*, zonnebloemolie*, boter (LAPTE)*, magere melkpoeder (LAPTE)*, moutextract van ORZ mout*, rijsmiddel : E503 \/E500\/E336, emulgator: zonnebloemlecithine*, natuurlijk aroma, vitamine B1*), rijstmeel*, geconcentreerd citroensap*, vitamine C, *van biologische oorsprong.<br \/>\n<strong>Allergenen<\/strong>Melk en melkproducten, Glutenbevattende granen, Gerst en gerstproducten (glutenbevattende granen), Lactose, Tarwe en tarweproducten.<br \/>\nVerpakt in een glazen pot met klikdeksel.<br \/>\nDruk voor het openen op het deksel. Als het niet klikt, mag u de inhoud niet gebruiken!<br \/>\nMeng de inhoud en doe de gewenste hoeveelheid op een bord. Gebruik hiervoor een plastic lepel.<br \/>\nBewaar de resterende inhoud afgesloten in de koelkast en gebruik binnen 24 uur.<br \/>\nGebruik restjes niet opnieuw.<br \/>\n<strong>Voedingswaarden\/100g:<\/strong><br \/>\nEnergie 286 kJ (68 kcal)<br \/>\nVet 0,5 g waarvan verzadigd 0,1 g<br \/>\nKoolhydraten 14 g waarvan suikers 8,9 g<br \/>\nEiwit 1 g<br \/>\nZout 0,01 g<br \/>\nVitamine C 15 mg<\/p>\n<p>Gemaakt in Nederland door Bonb\u00e9b\u00e9, Antwoordnummer 3500, 4140 VH Beesd<br \/>\nImporteur en distributeur Total Blue Impex SRL<\/p>","protected":false},"excerpt":{"rendered":"<p>La Bonb\u00e9b\u00e9 intelegem ca iti doresti tot ce este mai bun pentru copilul tau. De aceea folosim ingrediente atent selectate si controlate de buna calitate in toate produsele noastre. Formulat de nutritionisti. In plus, produsele noastre contin numai zaharuri si saruri naturale. In acest fel oferim produse bune, astfel incat sa puteti acorda toata atentia [&#8230;]\n","protected":false},"featured_media":53227,"comment_status":"open","ping_status":"closed","template":"","meta":{"_acf_changed":false,"_seopress_robots_primary_cat":"1767","_seopress_titles_title":"Piure BIO Bon Bebe cu banane, mere si biscuiti 8+ luni, 200g","_seopress_titles_desc":"Piure BIO Bon Bebe cu banane, mere si biscuiti pentru bebelusii cu varsta peste 8 luni.\r\nO gustare delicioasa pentru bebelusi cu ingrediente pure si naturale.","_seopress_robots_index":""},"product_brand":[7974],"product_cat":[1984,1520,5677,1767],"giftcard-category":[],"class_list":{"0":"post-53225","1":"product","2":"type-product","3":"status-publish","4":"has-post-thumbnail","6":"product_brand-bon-bebe","7":"product_cat-hrana-bebelusi","8":"product_cat-mama-copilul","9":"product_cat-mancare-si-accesorii-bebe","10":"product_cat-produse-olanda","12":"first","13":"outofstock","14":"taxable","15":"shipping-taxable","16":"purchasable","17":"product-type-simple"},"acf":[],"_links":{"self":[{"href":"https:\/\/totalblue.ro\/nl\/wp-json\/wp\/v2\/product\/53225","targetHints":{"allow":["GET"]}}],"collection":[{"href":"https:\/\/totalblue.ro\/nl\/wp-json\/wp\/v2\/product"}],"about":[{"href":"https:\/\/totalblue.ro\/nl\/wp-json\/wp\/v2\/types\/product"}],"replies":[{"embeddable":true,"href":"https:\/\/totalblue.ro\/nl\/wp-json\/wp\/v2\/comments?post=53225"}],"wp:featuredmedia":[{"embeddable":true,"href":"https:\/\/totalblue.ro\/nl\/wp-json\/wp\/v2\/media\/53227"}],"wp:attachment":[{"href":"https:\/\/totalblue.ro\/nl\/wp-json\/wp\/v2\/media?parent=53225"}],"wp:term":[{"taxonomy":"product_brand","embeddable":true,"href":"https:\/\/totalblue.ro\/nl\/wp-json\/wp\/v2\/product_brand?post=53225"},{"taxonomy":"product_cat","embeddable":true,"href":"https:\/\/totalblue.ro\/nl\/wp-json\/wp\/v2\/product_cat?post=53225"},{"taxonomy":"giftcard-category","embeddable":true,"href":"https:\/\/totalblue.ro\/nl\/wp-json\/wp\/v2\/giftcard-category?post=53225"}],"curies":[{"name":"wp","href":"https:\/\/api.w.org\/{rel}","templated":true}]}}