{"id":54893,"date":"2022-06-10T09:34:35","date_gmt":"2022-06-10T06:34:35","guid":{"rendered":"https:\/\/totalblue.ro\/?post_type=product&#038;p=54893"},"modified":"2026-03-17T22:24:50","modified_gmt":"2026-03-17T20:24:50","slug":"kuhne-salata-mixta-cocktail-dulce-acrisoara-330g","status":"publish","type":"product","link":"https:\/\/totalblue.ro\/nl\/produs\/kuhne-salata-mixta-cocktail-dulce-acrisoara-330g\/","title":{"rendered":"K\u00fchne Zoetzure Cocktail Groentesalade 330g"},"content":{"rendered":"<p>Ingrediente: castraveti, ardei gras, ceapa, otet, morcovi, sirop de glucoza-fructoza, telina, zahar, sare, aroma naturala.<br \/>\nAlergeni: telina<\/p>\n<p>Continut si greutate:<br \/>\n330 de grame<br \/>\nGreutate fara lichid:<br \/>\n190 de grame<\/p>\n<p>Conditii de pastrare: Dupa deschidere, pastrati-l la frigider (max. 7 \u00b0 C). Protejati de lumina directa a soarelui.<\/p>\n<p>Valori nutritive la 100g RI*<br \/>\nDeze waarden gelden voor het onbereide product.<br \/>\nEnergie 166 kJ \/ (39 kcal)<br \/>\nGrasimi 0,1 g din care grasimi saturate &lt; 0,1 g<br \/>\nCarbohidrati 8 g din care zaharuri 6,4 g<br \/>\nFibre alimentare 0,6 g<br \/>\nEiwit 0,7 g<br \/>\nSare 1,2 g<\/p>\n<p>Fabricat de Carl K\u00fchne K\u00fchneh\u00f6fe 11 D-22761 Hamburg, Germania.<br \/>\nImporteur en distributeur Total Blue Impex SRL<\/p>","protected":false},"excerpt":{"rendered":"<p>Ingrediente: castraveti, ardei gras, ceapa, otet, morcovi, sirop de glucoza-fructoza, telina, zahar, sare, aroma naturala. Alergeni: telina Continut si greutate: 330 de grame Greutate fara lichid: 190 de grame Conditii de pastrare: Dupa deschidere, pastrati-l la frigider (max. 7 \u00b0 C). Protejati de lumina directa a soarelui. Valori nutritive la 100g RI* Aceste valori se [&#8230;]\n","protected":false},"featured_media":54892,"comment_status":"open","ping_status":"closed","template":"","meta":{"_acf_changed":false,"_seopress_robots_primary_cat":"1950","_seopress_titles_title":"","_seopress_titles_desc":"","_seopress_robots_index":""},"product_brand":[2002],"product_cat":[1555,1683,3372,3272,1950,1767],"giftcard-category":[],"class_list":{"0":"post-54893","1":"product","2":"type-product","3":"status-publish","4":"has-post-thumbnail","6":"product_brand-kuhne","7":"product_cat-bacanie","8":"product_cat-conserve-mancare-gatita","9":"product_cat-conserve-produse-germania","10":"product_cat-conserve","11":"product_cat-produse-germania","12":"product_cat-produse-olanda","14":"first","15":"outofstock","16":"taxable","17":"shipping-taxable","18":"purchasable","19":"product-type-simple"},"acf":[],"_links":{"self":[{"href":"https:\/\/totalblue.ro\/nl\/wp-json\/wp\/v2\/product\/54893","targetHints":{"allow":["GET"]}}],"collection":[{"href":"https:\/\/totalblue.ro\/nl\/wp-json\/wp\/v2\/product"}],"about":[{"href":"https:\/\/totalblue.ro\/nl\/wp-json\/wp\/v2\/types\/product"}],"replies":[{"embeddable":true,"href":"https:\/\/totalblue.ro\/nl\/wp-json\/wp\/v2\/comments?post=54893"}],"wp:featuredmedia":[{"embeddable":true,"href":"https:\/\/totalblue.ro\/nl\/wp-json\/wp\/v2\/media\/54892"}],"wp:attachment":[{"href":"https:\/\/totalblue.ro\/nl\/wp-json\/wp\/v2\/media?parent=54893"}],"wp:term":[{"taxonomy":"product_brand","embeddable":true,"href":"https:\/\/totalblue.ro\/nl\/wp-json\/wp\/v2\/product_brand?post=54893"},{"taxonomy":"product_cat","embeddable":true,"href":"https:\/\/totalblue.ro\/nl\/wp-json\/wp\/v2\/product_cat?post=54893"},{"taxonomy":"giftcard-category","embeddable":true,"href":"https:\/\/totalblue.ro\/nl\/wp-json\/wp\/v2\/giftcard-category?post=54893"}],"curies":[{"name":"wp","href":"https:\/\/api.w.org\/{rel}","templated":true}]}}