{"id":56846,"date":"2022-07-06T16:07:35","date_gmt":"2022-07-06T13:07:35","guid":{"rendered":"https:\/\/totalblue.ro\/?post_type=product&#038;p=56846"},"modified":"2025-08-01T15:07:45","modified_gmt":"2025-08-01T12:07:45","slug":"bramen-oven-nacho-gevuld-met-heerlijke-kaas-12-stuks","status":"publish","type":"product","link":"https:\/\/totalblue.ro\/nl\/produs\/mora-oven-nacho-umplute-cu-branza-delicioasa-12-bucati\/","title":{"rendered":"Mora Mora Oven Nacho gevuld met heerlijke kaas 12 stuks"},"content":{"rendered":"<p>Mora Mora Oven Nacho gevuld met heerlijke kaas 12 stuks<\/p>\n<p><strong>Voorbereiding:<\/strong><br \/>\n1 Verwarm de oven voor op 220\u00b0C.<br \/>\n2 Plaats de bevroren Nacho op een ovenrooster. Gebruik voor het beste bakresultaat geen bakpapier of een ovenplaat en zet een lekbak op de bodem van de oven zodat de oven schoon blijft.<br \/>\n3 Plaats het rooster in het midden van de oven en verwarm de Nacho met kaas 8-10 minuten.De bereidingstijd kan vari\u00ebren afhankelijk van de oven.<br \/>\n4 Haal de Vegetarische Bitterballen uit de oven en laat ze minstens 2 minuten rusten voor de lekkerste Nacho met Kaas<\/p>\n<p>Friteuse<br \/>\nongeveer 5 minuten | 200\u00b0C<br \/>\nVerwarm de friteuse voor.<br \/>\nMaximale hoeveelheid: bodem bedekt.<br \/>\nDe bereidingswijze is gebaseerd op een Philips Airfryer XL.<\/p>\n<p>Opslagcondities:<br \/>\nNiet aanbevolen om te frituren.<br \/>\nOntdooi het product niet in de verpakking.<br \/>\nNiet invriezen na het ontdooien.<br \/>\nBewaren in de vriezer bij -18\u00b0C. Vanuit de vriezer 48 uur houdbaar in de koelkast. Niet invriezen na ontdooien!!! Consumeren v\u00f3\u00f3r - zie datum op de verpakking.<\/p>\n<p><strong>Ingredi\u00ebnt<\/strong>: 44% vegetarische kaasvulling (water, 22% Goudse kaas (LAPTE), 12% extra gerijpte Cheddar kaas (LAPTE), boter (LAPTE), kruidenmix (dextrose, paprika, natuurlijk aroma, kruiden, specerijen, ui, knoflook), zout, citroenconcentraat, maltodextrine, gistextract, rapitaolie), LAPTE eiwit, gemodificeerd aardappelzetmeel, emulgatoren: E331, E452, bamboevezel, zuurteregelaars: E500, E330, zout, zonnebloemolie, stabilisator: E461, kleurstof: annatto bixin), paneermeel (tarwebloem, zout, gist, kurkumapoeder, paprikapoeder, kleurstoffen: paprika-extract, curcumine), inmaakmiddel (water, glucosestroop, witte geroosterde suiker (suiker, invertsuikerstroop), tarwebloem, dextrose , stabilisatoren: E464, E466, zout, tarwe-eiwit), 9% ma\u00efsvlokken (ma\u00efs, zout, gerstemout), plantaardige oli\u00ebn (palm, rapita, zonnebloem), 5% tortillachips (bloem (tarwe, ma\u00efs), pinda.<\/p>\n<p>Aantal stuks in verpakking 12<br \/>\nGewicht per stuk nacho 23,00 gram<\/p>\n<p><strong>Voedingswaarden per 100g<\/strong>:<br \/>\nEnergie 1397 kJ \/ 334 Kcal<br \/>\nVet 16 gram waarvan verzadigde vetzuren 7,6 gram<br \/>\nKoolhydraten 36 gram waarvan suikers 2,6 gram<br \/>\nVezels 3,1 gram<br \/>\nEiwit 10 gram<br \/>\nZout 1,8 gram<\/p>\n<p>Mulberry producten, Antwoordnummer 65013 5000 VH Tilburg, 0800-BELMORA\/0800-2356672<br \/>\nImporteur en distributeur Total Blue Impex SRL<br \/>\n<a href=\"https:\/\/totalblue.ro\/wp-content\/uploads\/2021\/02\/vegetarian.jpeg\"><img loading=\"lazy\" decoding=\"async\" class=\"alignnone wp-image-27413\" src=\"https:\/\/totalblue.ro\/wp-content\/uploads\/2021\/02\/vegetarian.jpeg\" alt=\"\" width=\"97\" height=\"97\" srcset=\"https:\/\/totalblue.ro\/wp-content\/uploads\/2021\/02\/vegetarian.jpeg 225w, https:\/\/totalblue.ro\/wp-content\/uploads\/2021\/02\/vegetarian-100x100.jpeg 100w\" sizes=\"auto, (max-width: 97px) 100vw, 97px\" \/><\/a><\/p>","protected":false},"excerpt":{"rendered":"<p><span data-text-color=\"alert\"><strong>WAARSCHUWING! BEVROREN PRODUCT! WAARSCHUWING! BEVROREN PRODUCT!<\/strong><\/span><\/p>","protected":false},"featured_media":56849,"comment_status":"open","ping_status":"closed","template":"","meta":{"_acf_changed":false,"_seopress_robots_primary_cat":"none","_seopress_titles_title":"","_seopress_titles_desc":"","_seopress_robots_index":""},"product_brand":[2024],"product_cat":[1555,2050,3256,1767,1954],"giftcard-category":[],"class_list":{"0":"post-56846","1":"product","2":"type-product","3":"status-publish","4":"has-post-thumbnail","6":"product_brand-mora","7":"product_cat-bacanie","8":"product_cat-produse-congelate","9":"product_cat-produse-congelate-produse-olanda","10":"product_cat-produse-olanda","11":"product_cat-semipreparate","12":"product_shipping_class-frozen-products","14":"first","15":"outofstock","16":"taxable","17":"shipping-taxable","18":"purchasable","19":"product-type-simple"},"acf":[],"_links":{"self":[{"href":"https:\/\/totalblue.ro\/nl\/wp-json\/wp\/v2\/product\/56846","targetHints":{"allow":["GET"]}}],"collection":[{"href":"https:\/\/totalblue.ro\/nl\/wp-json\/wp\/v2\/product"}],"about":[{"href":"https:\/\/totalblue.ro\/nl\/wp-json\/wp\/v2\/types\/product"}],"replies":[{"embeddable":true,"href":"https:\/\/totalblue.ro\/nl\/wp-json\/wp\/v2\/comments?post=56846"}],"wp:featuredmedia":[{"embeddable":true,"href":"https:\/\/totalblue.ro\/nl\/wp-json\/wp\/v2\/media\/56849"}],"wp:attachment":[{"href":"https:\/\/totalblue.ro\/nl\/wp-json\/wp\/v2\/media?parent=56846"}],"wp:term":[{"taxonomy":"product_brand","embeddable":true,"href":"https:\/\/totalblue.ro\/nl\/wp-json\/wp\/v2\/product_brand?post=56846"},{"taxonomy":"product_cat","embeddable":true,"href":"https:\/\/totalblue.ro\/nl\/wp-json\/wp\/v2\/product_cat?post=56846"},{"taxonomy":"giftcard-category","embeddable":true,"href":"https:\/\/totalblue.ro\/nl\/wp-json\/wp\/v2\/giftcard-category?post=56846"}],"curies":[{"name":"wp","href":"https:\/\/api.w.org\/{rel}","templated":true}]}}