{"id":57601,"date":"2022-07-20T10:16:27","date_gmt":"2022-07-20T07:16:27","guid":{"rendered":"https:\/\/totalblue.ro\/?post_type=product&#038;p=57601"},"modified":"2025-10-15T10:44:36","modified_gmt":"2025-10-15T07:44:36","slug":"cereale-gata-preparate-nestle-pyjamapapje-6-36-luni-capsuni-2x250ml","status":"publish","type":"product","link":"https:\/\/totalblue.ro\/nl\/produs\/cereale-gata-preparate-nestle-pyjamapapje-6-36-luni-capsuni-2x250ml\/","title":{"rendered":"Kant-en-klare ontbijtgranen, Nestl\u00e9 Pyjamapapje, 6-36 maanden, Aardbeien, 2\u00d7250ml"},"content":{"rendered":"<p>Nestl\u00e9 Pyjamapapje aardbei 6m+ 2x250ml<br \/>\nNestl\u00e9 Pyjamapapje cu capsuni pentru bebelusi +6 Luni 2&#215;250 ml<br \/>\nNestl\u00e9 Pyjamapapje cu capsuni pentru bebelusi este un terci delicios gata preparat si contine faina de orez. Poate fi folosit in biberon, cana de invatare sau in farfurie. Ideal inainte de culcare! Nestl\u00e9 Pyjamapapje cu capsuni pentru bebelusi este bogat in calciu, fier, faina de orez fara gluten.<br \/>\nRecomandat pentru bebelusi intre +6 Luni si 36 Luni<br \/>\nUn pachet 500 ml contine 2 bucati ( portii ) x 250 ml<br \/>\n<strong>Ingredi\u00ebnt:\u00a0<\/strong> lapte degresat 44%, apa, faina de orez 5,1% (partial hidrolizata), piure de capsuni 3,3%, amidon de porumb, uleiuri vegetale (floarea soarelui, rapita (acid erucic scazut)), suc de pere concentrat 1,5%, lactoza, zahar, carbonat de calciu, emulgator: lecitina de soia, regulator de aciditate: hidroxid de potasiu, vitamine (C, E, niacina, acid pantotenic, B1, A, B6, B2, acid folic, K, biotina, D, B12), aroma, sulfat de zinc, iodura de potasiu.<br \/>\n<strong>Allergenen:<\/strong> Lapte, soia<br \/>\n<strong>Mod de Pregatire \/ Mod de utilizare:<\/strong><br \/>\n1) Agitati bine pachetul inainte de utilizare.<br \/>\n2) Rupeti sau taiati pachetul in partea de sus. Se toarna pasta intr-o sticla \/ biberon sau o can\u0103 de baut.<br \/>\n3) incalziti pasta intr-o sticla sau o cana de baut, intr-o incalzitor pentru sticle sau la cuptorul cu microunde, timp de 45 de secunde la 500 de wati.<br \/>\nVerificati intotdeauna temperatura inainte de a da Nestl\u00e9 Pyjamapapje cu banana bebelusului dumneavoastra. Nu incalziti pachetul direct in cuptorul cu microunde.<br \/>\nNestl\u00e9 Pyjamapapje cu capsuni se poate da \/ servi bebelusului, rece sau cald. Nestl\u00e9 PyjamaPapje poate fi depozitat nedeschis la temperatura camerei.<br \/>\nA se pastra la frigider dup\u0103 deschidere (maxim 24 de ore). Nu pastrati resturile de mancare incalzita.<br \/>\n<strong>Voedingswaarden:<\/strong><br \/>\nEnergie 344 kJ (82 kcal)<br \/>\nGrasimi 2,7 g din care saturate 0,2 g<br \/>\nCarbohidra\u021bi 12 g din care zaharuri 5,1 g<br \/>\nFibre alimentare 0,5 g<br \/>\nEiwit 2,1 g<br \/>\nsare 0,06 g<br \/>\nVitamina E 1,4 mg 28%<br \/>\nVitamina C 6,9 mg 27%<br \/>\nVitamina B1 \/ Tiamina 0,13 mg 26%<br \/>\nVitamina B2 \/ Riboflavin\u0103 0,14 mg 17%<br \/>\nVitamina B3\/Niacina 0,64 mg 7%<br \/>\nVitamina B6 \/ Piridoxina 0,085 mg 12%<br \/>\nVitamina B11 \/ acid folic 12,8 \u00b5g 13%<br \/>\nVitamina B5 \/ acid pantotenic 0,67 mg 22%<br \/>\nVitamina B12 \/ Ciano-Cobalamina 0,08 \u00b5g 11%<br \/>\nVitamina H \/ Biotin\u0103 2,5 \u00b5g 25%<br \/>\nVitamina K 4,3 \u00b5g 36%<br \/>\nCalciu 123 mg 31%<br \/>\nIod 14,9 \u00b5g 21%<br \/>\nZinc 0,85 mg 21%<br \/>\nFabricat in Olanda de Nestl\u00e9 Nederland, Postbus 134, 1180 AC Amstelveen<br \/>\nImporteur en distributeur Total Blue Impex SRL<\/p>","protected":false},"excerpt":{"rendered":"<p>Nestl\u00e9 Pyjamapapje aardbei 6m+ 2x250ml Nestl\u00e9 Pyjamapapje cu capsuni pentru bebelusi +6 Luni 2&#215;250 ml Nestl\u00e9 Pyjamapapje cu capsuni pentru bebelusi este un terci delicios gata preparat si contine faina de orez. Poate fi folosit in biberon, cana de invatare sau in farfurie. Ideal inainte de culcare! Nestl\u00e9 Pyjamapapje cu capsuni pentru bebelusi este bogat [&#8230;]\n","protected":false},"featured_media":57602,"comment_status":"open","ping_status":"closed","template":"","meta":{"_acf_changed":false,"_seopress_robots_primary_cat":"1767","_seopress_titles_title":"","_seopress_titles_desc":"","_seopress_robots_index":""},"product_brand":[6197],"product_cat":[1984,1520,5677,1767],"giftcard-category":[],"class_list":{"0":"post-57601","1":"product","2":"type-product","3":"status-publish","4":"has-post-thumbnail","6":"product_brand-nestle","7":"product_cat-hrana-bebelusi","8":"product_cat-mama-copilul","9":"product_cat-mancare-si-accesorii-bebe","10":"product_cat-produse-olanda","12":"first","13":"outofstock","14":"taxable","15":"shipping-taxable","16":"purchasable","17":"product-type-simple"},"acf":[],"_links":{"self":[{"href":"https:\/\/totalblue.ro\/nl\/wp-json\/wp\/v2\/product\/57601","targetHints":{"allow":["GET"]}}],"collection":[{"href":"https:\/\/totalblue.ro\/nl\/wp-json\/wp\/v2\/product"}],"about":[{"href":"https:\/\/totalblue.ro\/nl\/wp-json\/wp\/v2\/types\/product"}],"replies":[{"embeddable":true,"href":"https:\/\/totalblue.ro\/nl\/wp-json\/wp\/v2\/comments?post=57601"}],"wp:featuredmedia":[{"embeddable":true,"href":"https:\/\/totalblue.ro\/nl\/wp-json\/wp\/v2\/media\/57602"}],"wp:attachment":[{"href":"https:\/\/totalblue.ro\/nl\/wp-json\/wp\/v2\/media?parent=57601"}],"wp:term":[{"taxonomy":"product_brand","embeddable":true,"href":"https:\/\/totalblue.ro\/nl\/wp-json\/wp\/v2\/product_brand?post=57601"},{"taxonomy":"product_cat","embeddable":true,"href":"https:\/\/totalblue.ro\/nl\/wp-json\/wp\/v2\/product_cat?post=57601"},{"taxonomy":"giftcard-category","embeddable":true,"href":"https:\/\/totalblue.ro\/nl\/wp-json\/wp\/v2\/giftcard-category?post=57601"}],"curies":[{"name":"wp","href":"https:\/\/api.w.org\/{rel}","templated":true}]}}