{"id":60327,"date":"2022-08-30T15:38:34","date_gmt":"2022-08-30T12:38:34","guid":{"rendered":"https:\/\/totalblue.ro\/?post_type=product&#038;p=60327"},"modified":"2025-12-12T14:11:52","modified_gmt":"2025-12-12T12:11:52","slug":"lays-bugles-nacho-chipsuri-aroma-chili-dulce-import-olanda-125-g","status":"publish","type":"product","link":"https:\/\/totalblue.ro\/nl\/produs\/lays-bugles-nacho-chipsuri-aroma-chili-dulce-import-olanda-125-g\/","title":{"rendered":"Lay's Bugles Nacho chips zoete chilismaak, import uit Nederland, 125 g"},"content":{"rendered":"<p id=\"tw-target-text\" class=\"tw-data-text tw-text-large tw-ta\" dir=\"ltr\" data-placeholder=\"Traducere\" data-ved=\"2ahUKEwifs8fXst6JAxX9_rsIHXXML30Q3ewLegQICRAT\" aria-label=\"Text tradus: ingrediente: porumb, ulei de floarea soarelui, arom\u0103 de ardei iute dulce [proteine \u200b\u200bvegetale hidrolizate (din SOJA), fructoz\u0103, poten\u021biatori de arom\u0103 (glutamat monosodic, 5\u2032-ribonucleotide disodice), arom\u0103 (con\u021bine extract de SELDERIJ, MOSTERDOLY, LACTOZ\u0102 (din LAPTE), TARWE) , regulatori de aciditate (diacetat de sodiu, acid malic), maltodextrin\u0103, praf de ceap\u0103, clorur\u0103 de potasiu, condimente, colorant (extract de boia)], sare.\"><span class=\"Y2IQFc\" lang=\"ro\">Ingrediente: porumb, ulei de floarea soarelui, arom\u0103 de ardei iute dulce [proteine \u200b\u200bvegetale hidrolizate (din SOJA), fructoz\u0103, poten\u021biatori de arom\u0103 (glutamat monosodic, 5\u2032-ribonucleotide disodice), arom\u0103 (con\u021bine extract de SELDERIJ, MOSTERDOLY, LACTOZ\u0102 (din LAPTE), TARWE) , regulatori de aciditate (diacetat de sodiu, acid malic), maltodextrin\u0103, praf de ceap\u0103, clorur\u0103 de potasiu, condimente, colorant (extract de boia)], sare.<br \/>\n<\/span>Valori nutritionale \/ 100 g:<br \/>\nEnergie 2220 kJ (532 kcal)<br \/>\nGrasimi 31 g din care grasimi saturate 2.9 g<br \/>\nGlucide 57 g din care zaharuri 4.3 g<br \/>\nFibre alimentare 1 g<br \/>\nProteine \u200b\u200b6.4 g<br \/>\nSare 1.7 g<br \/>\nFabricat de PepsiCo Nederland BV, Zonnebaan 35, 3542 EB Utrecht, Olanda<br \/>\nImportator si distribuitor Total Blue Impex SRL<\/p>\n<p><a href=\"https:\/\/totalblue.ro\/wp-content\/uploads\/2021\/04\/nutriscore-d.jpg\"><img loading=\"lazy\" decoding=\"async\" class=\"alignnone wp-image-53426\" src=\"https:\/\/totalblue.ro\/wp-content\/uploads\/2021\/04\/nutriscore-d.jpg\" alt=\"\" width=\"125\" height=\"68\" srcset=\"https:\/\/totalblue.ro\/wp-content\/uploads\/2021\/04\/nutriscore-d.jpg 300w, https:\/\/totalblue.ro\/wp-content\/uploads\/2021\/04\/nutriscore-d-96x52.jpg 96w, https:\/\/totalblue.ro\/wp-content\/uploads\/2021\/04\/nutriscore-d-42x23.jpg 42w, https:\/\/totalblue.ro\/wp-content\/uploads\/2021\/04\/nutriscore-d-60x33.jpg 60w, https:\/\/totalblue.ro\/wp-content\/uploads\/2021\/04\/nutriscore-d-100x54.jpg 100w\" sizes=\"auto, (max-width: 125px) 100vw, 125px\" \/><\/a><\/p>\n","protected":false},"excerpt":{"rendered":"<p>Ingrediente: porumb, ulei de floarea soarelui, arom\u0103 de ardei iute dulce [proteine \u200b\u200bvegetale hidrolizate (din SOJA), fructoz\u0103, poten\u021biatori de arom\u0103 (glutamat monosodic, 5\u2032-ribonucleotide disodice), arom\u0103 (con\u021bine extract de SELDERIJ, MOSTERDOLY, LACTOZ\u0102 (din LAPTE), TARWE) , regulatori de aciditate (diacetat de sodiu, acid malic), maltodextrin\u0103, praf de ceap\u0103, clorur\u0103 de potasiu, condimente, colorant (extract de boia)], [&#8230;]\n","protected":false},"featured_media":60329,"comment_status":"open","ping_status":"closed","template":"","meta":{"_acf_changed":false,"_seopress_robots_primary_cat":"none","_seopress_titles_title":"","_seopress_titles_desc":"","_seopress_robots_index":""},"product_brand":[9795],"product_cat":[1555,3338,7021,1767],"giftcard-category":[],"class_list":{"0":"post-60327","1":"product","2":"type-product","3":"status-publish","4":"has-post-thumbnail","6":"product_brand-lays","7":"product_cat-bacanie","8":"product_cat-dulciuri-snacksuri","9":"product_cat-dulciuri-snacks","10":"product_cat-produse-olanda","12":"first","13":"outofstock","14":"taxable","15":"shipping-taxable","16":"purchasable","17":"product-type-simple"},"acf":[],"_links":{"self":[{"href":"https:\/\/totalblue.ro\/nl\/wp-json\/wp\/v2\/product\/60327","targetHints":{"allow":["GET"]}}],"collection":[{"href":"https:\/\/totalblue.ro\/nl\/wp-json\/wp\/v2\/product"}],"about":[{"href":"https:\/\/totalblue.ro\/nl\/wp-json\/wp\/v2\/types\/product"}],"replies":[{"embeddable":true,"href":"https:\/\/totalblue.ro\/nl\/wp-json\/wp\/v2\/comments?post=60327"}],"wp:featuredmedia":[{"embeddable":true,"href":"https:\/\/totalblue.ro\/nl\/wp-json\/wp\/v2\/media\/60329"}],"wp:attachment":[{"href":"https:\/\/totalblue.ro\/nl\/wp-json\/wp\/v2\/media?parent=60327"}],"wp:term":[{"taxonomy":"product_brand","embeddable":true,"href":"https:\/\/totalblue.ro\/nl\/wp-json\/wp\/v2\/product_brand?post=60327"},{"taxonomy":"product_cat","embeddable":true,"href":"https:\/\/totalblue.ro\/nl\/wp-json\/wp\/v2\/product_cat?post=60327"},{"taxonomy":"giftcard-category","embeddable":true,"href":"https:\/\/totalblue.ro\/nl\/wp-json\/wp\/v2\/giftcard-category?post=60327"}],"curies":[{"name":"wp","href":"https:\/\/api.w.org\/{rel}","templated":true}]}}