{"id":60471,"date":"2022-08-31T16:19:54","date_gmt":"2022-08-31T13:19:54","guid":{"rendered":"https:\/\/totalblue.ro\/?post_type=product&#038;p=60471"},"modified":"2025-08-05T15:20:23","modified_gmt":"2025-08-05T12:20:23","slug":"dubbelfrisss-appel-en-perzik-frisdrank-15l-import-uit-nederland","status":"publish","type":"product","link":"https:\/\/totalblue.ro\/nl\/produs\/dubbelfrisss-mere-si-piersica-bautura-racoritoare-15l-import-olanda\/","title":{"rendered":"DubbelFrisss Appel en Perzik frisdrank 1,5L, import uit Nederland"},"content":{"rendered":"<p>DubbelFrisss appel-perzik is een verfrissende fruitdrank met minimaal 15% heerlijk vruchtensap. Geen kunstmatige zoetstoffen en geen conserveringsmiddelen.<br \/>\nIngredi\u00ebnten: bronwater, vruchtensap uit concentraat (appels 14%, perziken 1,1%), suiker, zuur (citroenzuur), aroma's, zoetstof (steviolglycosiden), koolzuur (&lt;0,1%).<br \/>\nInhoud en gewicht 1500 ml<br \/>\nVoedingswaarden per 100g<br \/>\nDeze waarden gelden voor het onbereide product.<br \/>\nEnergie 97 kJ (23 kcal)<br \/>\nVet 0 g waarvan verzadigd vet 0 g<br \/>\nKoolhydraten 5,6 g waarvan suikers 5,5 g<br \/>\nEiwit 0 g<br \/>\nZout 0,002 g<br \/>\nBewaarcondities: droog en koel bewaren, niet in direct zonlicht.Direct na opening consumeren.<br \/>\nConsumeren v\u00f3\u00f3r: zie op de verpakking.<br \/>\nFabrikant: Riedel Consumentenservice,Antwoordnummer 31, 6710 VB Ede, Nederland.<br \/>\nImporteur en distributeur: Total Blue Impex SRL, Boekarest, Roemeni\u00eb.<\/p>","protected":false},"excerpt":{"rendered":"<p>DubbelFrisss apple-piersica este o b\u0103utur\u0103 r\u0103coritoare din fructe cu cel pu\u021bin 15% suc de fructe delicios. Fara indulcitori artificiali si fara conservanti. Ingrediente: Apa de izvor, suc de fructe din concentrat (mere 14%, piersici 1,1%), zahar, acid (acid citric), arome, indulcitor (glicozide steviol), acid carbonic (&lt;0,1%). Continut si greutate 1500 ml Valori nutritionale per 100g [&#8230;]\n","protected":false},"featured_media":60473,"comment_status":"open","ping_status":"closed","template":"","meta":{"_acf_changed":false,"_seopress_robots_primary_cat":"none","_seopress_titles_title":"","_seopress_titles_desc":"","_seopress_robots_index":""},"product_brand":[11698],"product_cat":[1354,1767,3312],"giftcard-category":[],"class_list":{"0":"post-60471","1":"product","2":"type-product","3":"status-publish","4":"has-post-thumbnail","6":"product_brand-dubbelfrisss","7":"product_cat-apa-plata-apa-minerala-sucuri","8":"product_cat-produse-olanda","9":"product_cat-bauturi-racoritoare-produse-olanda","11":"first","12":"outofstock","13":"taxable","14":"shipping-taxable","15":"purchasable","16":"product-type-simple"},"acf":[],"_links":{"self":[{"href":"https:\/\/totalblue.ro\/nl\/wp-json\/wp\/v2\/product\/60471","targetHints":{"allow":["GET"]}}],"collection":[{"href":"https:\/\/totalblue.ro\/nl\/wp-json\/wp\/v2\/product"}],"about":[{"href":"https:\/\/totalblue.ro\/nl\/wp-json\/wp\/v2\/types\/product"}],"replies":[{"embeddable":true,"href":"https:\/\/totalblue.ro\/nl\/wp-json\/wp\/v2\/comments?post=60471"}],"wp:featuredmedia":[{"embeddable":true,"href":"https:\/\/totalblue.ro\/nl\/wp-json\/wp\/v2\/media\/60473"}],"wp:attachment":[{"href":"https:\/\/totalblue.ro\/nl\/wp-json\/wp\/v2\/media?parent=60471"}],"wp:term":[{"taxonomy":"product_brand","embeddable":true,"href":"https:\/\/totalblue.ro\/nl\/wp-json\/wp\/v2\/product_brand?post=60471"},{"taxonomy":"product_cat","embeddable":true,"href":"https:\/\/totalblue.ro\/nl\/wp-json\/wp\/v2\/product_cat?post=60471"},{"taxonomy":"giftcard-category","embeddable":true,"href":"https:\/\/totalblue.ro\/nl\/wp-json\/wp\/v2\/giftcard-category?post=60471"}],"curies":[{"name":"wp","href":"https:\/\/api.w.org\/{rel}","templated":true}]}}