{"id":61110,"date":"2022-09-07T12:06:46","date_gmt":"2022-09-07T09:06:46","guid":{"rendered":"https:\/\/totalblue.ro\/?post_type=product&#038;p=61110"},"modified":"2025-08-01T10:28:37","modified_gmt":"2025-08-01T07:28:37","slug":"alete-cereale-gata-preparate-cu-vanilie-10-luni-2x200ml","status":"publish","type":"product","link":"https:\/\/totalblue.ro\/nl\/produs\/alete-cereale-gata-preparate-cu-vanilie-10-luni-2x200ml\/","title":{"rendered":"Kant-en-klare ontbijtgranen met vanille, 10+ maanden, 2x200ml"},"content":{"rendered":"<p>Recomandat pentru bebelusi de la 10+ luni.<br \/>\nAlete cu vanilie pentru bebelusi este bogat in calciu, fier, vitamina D. Este important ca bebelusul dumneavoastra sa aiba o dieta variata \u0219i echilibrata, un stil de viata sanatos.<br \/>\nUn pachet 400 ml contine 2 bucati ( portii ) x 200 ml<br \/>\n<strong>Ingredi\u00ebnt:<\/strong><span class=\"Y2IQFc\" lang=\"ro\">LAPTE DEGRESAT (44%), ap\u0103, F\u0102IN\u0102 DE GR\u00c2U (macerat\u0103) (4%), amidon de porumb, uleiuri vegetale (ulei de floarea soarelui, bogat \u00een acid oleic; ulei de rapi\u021b\u0103, s\u0103rac \u00een acid erucic; ulei de floarea soarelui), zah\u0103r, maltodextrin\u0103, calciu carbonat, arom\u0103 natural\u0103 de vanilie, vitamina C, fumarat feros, sulfat de zinc, vitamina E, niacin\u0103, acid pantotenic, tiamin\u0103, vitamina A, vitamina B6, riboflavin\u0103, iodur\u0103 de potasiu, acid folic, vitamina K, biotin\u0103, vitamina D, vitamina B12.<br \/>\n<\/span><strong>Allergenen:<\/strong> Lapte, gluten<br \/>\n<strong>Mod de Pregatire \/ Mod de utilizare:<\/strong><br \/>\n1) Agitati bine pachetul inainte de utilizare.<br \/>\n2) Rupeti sau taiati pachetul in partea de sus. Se toarna pasta intr-o sticla \/ biberon sau o can\u0103 de baut.<br \/>\n3) se poate servi rece (la temperatura camerei) sau se pot incalzi timp de 45 de secunde la 500 de wati.<br \/>\nVerificati intotdeauna temperatura inainte de a da Alete cu vanilie bebelusului dumneavoastra. Nu incalziti pachetul direct in cuptorul cu microunde.<br \/>\nA se pastra la frigider dup\u0103 deschidere (maxim 24 de ore). Nu pastrati resturile de mancare incalzita.<br \/>\n<strong>Voedingswaarden:<\/strong><br \/>\nEnergie 349 kJ (83 kcal)<br \/>\nGrasimi 2.5 g<br \/>\ndin care saturate 0,2 g<br \/>\nCarbohidra\u021bi 12.6 g<br \/>\ndin care zaharuri 4.9 g<br \/>\nFibre alimentare 0,5 g<br \/>\nProteine \u200b\u200b2,3 g<br \/>\nsare 0,06 g<\/p>","protected":false},"excerpt":{"rendered":"<p>Recomandat pentru bebelusi de la 10+ luni. Alete cu vanilie pentru bebelusi este bogat in calciu, fier, vitamina D. Este important ca bebelusul dumneavoastra sa aiba o dieta variata \u0219i echilibrata, un stil de viata sanatos. Un pachet 400 ml contine 2 bucati ( portii ) x 200 ml Ingrediente:LAPTE DEGRESAT (44%), ap\u0103, F\u0102IN\u0102 DE [&#8230;]\n","protected":false},"featured_media":61112,"comment_status":"open","ping_status":"closed","template":"","meta":{"_acf_changed":false,"_seopress_robots_primary_cat":"1767","_seopress_titles_title":"","_seopress_titles_desc":"","_seopress_robots_index":""},"product_brand":[11779],"product_cat":[1984,1520,20200,5677,1950,1767],"giftcard-category":[],"class_list":{"0":"post-61110","1":"product","2":"type-product","3":"status-publish","4":"has-post-thumbnail","6":"product_brand-alete","7":"product_cat-hrana-bebelusi","8":"product_cat-mama-copilul","9":"product_cat-mancare-bebe","10":"product_cat-mancare-si-accesorii-bebe","11":"product_cat-produse-germania","12":"product_cat-produse-olanda","14":"first","15":"outofstock","16":"taxable","17":"shipping-taxable","18":"purchasable","19":"product-type-simple"},"acf":[],"_links":{"self":[{"href":"https:\/\/totalblue.ro\/nl\/wp-json\/wp\/v2\/product\/61110","targetHints":{"allow":["GET"]}}],"collection":[{"href":"https:\/\/totalblue.ro\/nl\/wp-json\/wp\/v2\/product"}],"about":[{"href":"https:\/\/totalblue.ro\/nl\/wp-json\/wp\/v2\/types\/product"}],"replies":[{"embeddable":true,"href":"https:\/\/totalblue.ro\/nl\/wp-json\/wp\/v2\/comments?post=61110"}],"wp:featuredmedia":[{"embeddable":true,"href":"https:\/\/totalblue.ro\/nl\/wp-json\/wp\/v2\/media\/61112"}],"wp:attachment":[{"href":"https:\/\/totalblue.ro\/nl\/wp-json\/wp\/v2\/media?parent=61110"}],"wp:term":[{"taxonomy":"product_brand","embeddable":true,"href":"https:\/\/totalblue.ro\/nl\/wp-json\/wp\/v2\/product_brand?post=61110"},{"taxonomy":"product_cat","embeddable":true,"href":"https:\/\/totalblue.ro\/nl\/wp-json\/wp\/v2\/product_cat?post=61110"},{"taxonomy":"giftcard-category","embeddable":true,"href":"https:\/\/totalblue.ro\/nl\/wp-json\/wp\/v2\/giftcard-category?post=61110"}],"curies":[{"name":"wp","href":"https:\/\/api.w.org\/{rel}","templated":true}]}}