{"id":63029,"date":"2022-09-19T14:57:44","date_gmt":"2022-09-19T11:57:44","guid":{"rendered":"https:\/\/totalblue.ro\/?post_type=product&#038;p=63029"},"modified":"2025-08-05T10:25:06","modified_gmt":"2025-08-05T07:25:06","slug":"ceapa-argintie-murata-170-ml-kuhne","status":"publish","type":"product","link":"https:\/\/totalblue.ro\/nl\/produs\/ceapa-argintie-murata-170-ml-kuhne\/","title":{"rendered":"Ceapa argintie murata 170 ml, Kuhne"},"content":{"rendered":"<p>Ceapa noastra crocanta cu coaja argintie este murata \u00eentr-o infuzie picant\u0103. O garnitura ideal\u0103 sau ca alternativa la ceapa proaspata.<br \/>\nIngrediente: Ceapa argintie, otet natural, sirop de glucoza-fructoza, sare, zahar, antioxidanti: acid ascorbic, acid citric si metabisulfit de sodiu, aroma naturala.<br \/>\nAlergeni: metabisulfit de sodiu, porumb (ca ingredient)<br \/>\nVoeding:<br \/>\nEnergie: 156 kJ \/ 37 kcal<br \/>\nGrasimi: 0,1 g din care grasimi saturate &lt; 0,1 g<br \/>\nCarbohidra\u021bi: 6,5 g din care zaharuri 6,2 g<br \/>\nFibre: 1,5 g<br \/>\nProteine: 0,8 g<br \/>\nZout: 1,7 g<br \/>\nAmbalaj: borcan de sticla cu capac.<\/p>\n<p>Carl K\u00fchne K\u00fchneh\u00f6fe 11 D-22761 Hamburg Germany<br \/>\nImporteur en distributeur Total Blue Impex SRL<br \/>\n<a href=\"https:\/\/totalblue.ro\/wp-content\/uploads\/2021\/02\/vegetarian.jpeg\"><img loading=\"lazy\" decoding=\"async\" class=\"alignnone wp-image-27413\" src=\"https:\/\/totalblue.ro\/wp-content\/uploads\/2021\/02\/vegetarian.jpeg\" alt=\"\" width=\"81\" height=\"81\" srcset=\"https:\/\/totalblue.ro\/wp-content\/uploads\/2021\/02\/vegetarian.jpeg 225w, https:\/\/totalblue.ro\/wp-content\/uploads\/2021\/02\/vegetarian-100x100.jpeg 100w\" sizes=\"auto, (max-width: 81px) 100vw, 81px\" \/><\/a><\/p>","protected":false},"excerpt":{"rendered":"<p>Ceapa noastra crocanta cu coaja argintie este murata \u00eentr-o infuzie picant\u0103. O garnitura ideal\u0103 sau ca alternativa la ceapa proaspata. Ingrediente: Ceapa argintie, otet natural, sirop de glucoza-fructoza, sare, zahar, antioxidanti: acid ascorbic, acid citric si metabisulfit de sodiu, aroma naturala. Alergeni: metabisulfit de sodiu, porumb (ca ingredient) Nutritie: Energie: 156 kJ \/ 37 kcal [&#8230;]\n","protected":false},"featured_media":38430,"comment_status":"open","ping_status":"closed","template":"","meta":{"_acf_changed":false,"_seopress_robots_primary_cat":"none","_seopress_titles_title":"","_seopress_titles_desc":"","_seopress_robots_index":""},"product_brand":[2002],"product_cat":[1555,1683,3272,3372,1950,1767],"giftcard-category":[],"class_list":{"0":"post-63029","1":"product","2":"type-product","3":"status-publish","4":"has-post-thumbnail","6":"product_brand-kuhne","7":"product_cat-bacanie","8":"product_cat-conserve-mancare-gatita","9":"product_cat-conserve","10":"product_cat-conserve-produse-germania","11":"product_cat-produse-germania","12":"product_cat-produse-olanda","14":"first","15":"outofstock","16":"taxable","17":"shipping-taxable","18":"purchasable","19":"product-type-simple"},"acf":[],"_links":{"self":[{"href":"https:\/\/totalblue.ro\/nl\/wp-json\/wp\/v2\/product\/63029","targetHints":{"allow":["GET"]}}],"collection":[{"href":"https:\/\/totalblue.ro\/nl\/wp-json\/wp\/v2\/product"}],"about":[{"href":"https:\/\/totalblue.ro\/nl\/wp-json\/wp\/v2\/types\/product"}],"replies":[{"embeddable":true,"href":"https:\/\/totalblue.ro\/nl\/wp-json\/wp\/v2\/comments?post=63029"}],"wp:featuredmedia":[{"embeddable":true,"href":"https:\/\/totalblue.ro\/nl\/wp-json\/wp\/v2\/media\/38430"}],"wp:attachment":[{"href":"https:\/\/totalblue.ro\/nl\/wp-json\/wp\/v2\/media?parent=63029"}],"wp:term":[{"taxonomy":"product_brand","embeddable":true,"href":"https:\/\/totalblue.ro\/nl\/wp-json\/wp\/v2\/product_brand?post=63029"},{"taxonomy":"product_cat","embeddable":true,"href":"https:\/\/totalblue.ro\/nl\/wp-json\/wp\/v2\/product_cat?post=63029"},{"taxonomy":"giftcard-category","embeddable":true,"href":"https:\/\/totalblue.ro\/nl\/wp-json\/wp\/v2\/giftcard-category?post=63029"}],"curies":[{"name":"wp","href":"https:\/\/api.w.org\/{rel}","templated":true}]}}