{"id":86868,"date":"2023-03-30T12:02:11","date_gmt":"2023-03-30T09:02:11","guid":{"rendered":"https:\/\/totalblue.ro\/?post_type=product&#038;p=86868"},"modified":"2026-02-17T10:29:21","modified_gmt":"2026-02-17T08:29:21","slug":"conimex-kroepoek-sate-creveti-chipsuri-75-g","status":"publish","type":"product","link":"https:\/\/totalblue.ro\/nl\/produs\/conimex-kroepoek-sate-creveti-chipsuri-75-g\/","title":{"rendered":"Conimex Kroepoek Sate Garnalen chips 75 g"},"content":{"rendered":"<p><span class=\"HwtZe\" lang=\"ro\"><span class=\"jCAhz ChMk0b\"><span class=\"ryNqvb\">Ingrediente : f\u0103in\u0103 de tapioca, ulei de floarea soarelui, creve\u021bi 7,3%, zah\u0103r din trestie, condimente (pudr\u0103 de usturoi, pudr\u0103 de boia de ardei, pudr\u0103 de ceap\u0103, pudr\u0103 de ghimbir, piper negru, chimen, scor\u021bi\u0219oar\u0103, anason stelat), sare, zah\u0103r, praf de sos de soia (soia, sare , o\u021bet, maltodextrin\u0103), extract de drojdie, sare mineral\u0103 (potasiu), arom\u0103 natural\u0103 (con\u021bine lapte), leu\u0219tean, acid alimentar (acid citric), agent de cre\u0219tere (E451, E500).<\/span><\/span> <span class=\"jCAhz ChMk0b\"><span class=\"ryNqvb\">Poate contine oua, peste.<\/span><\/span><\/span><\/p>\n<p>Voedingswaarden per 100g :<br \/>\n<span class=\"HwtZe\" lang=\"ro\"><span class=\"jCAhz ChMk0b\"><span class=\"ryNqvb\">Energie 2102 kJ \/ 502 kcal<\/span><\/span><br \/>\n<span class=\"jCAhz ChMk0b\"><span class=\"ryNqvb\">Grasimi 24 g<\/span><\/span> <span class=\"jCAhz ChMk0b\"><span class=\"ryNqvb\">din care saturate 1,9 g<\/span><\/span><br \/>\n<span class=\"jCAhz ChMk0b\"><span class=\"ryNqvb\">Carbohidra\u021bi 69 g<\/span><\/span> <span class=\"jCAhz ChMk0b\"><span class=\"ryNqvb\">din care zaharuri 8,9 g<\/span><\/span><br \/>\n<span class=\"jCAhz ChMk0b\"><span class=\"ryNqvb\">Fibre alimentare 1,2 g<\/span><\/span><br \/>\n<span class=\"jCAhz ChMk0b\"><span class=\"ryNqvb\">Proteine \u200b\u200b1,1 g<\/span><\/span><br \/>\nS<span class=\"jCAhz ChMk0b\"><span class=\"ryNqvb\">are 2,4 g<\/span><\/span><\/span><\/p>","protected":false},"excerpt":{"rendered":"<p>Ingrediente : f\u0103in\u0103 de tapioca, ulei de floarea soarelui, creve\u021bi 7,3%, zah\u0103r din trestie, condimente (pudr\u0103 de usturoi, pudr\u0103 de boia de ardei, pudr\u0103 de ceap\u0103, pudr\u0103 de ghimbir, piper negru, chimen, scor\u021bi\u0219oar\u0103, anason stelat), sare, zah\u0103r, praf de sos de soia (soia, sare , o\u021bet, maltodextrin\u0103), extract de drojdie, sare mineral\u0103 (potasiu), arom\u0103 natural\u0103 [&#8230;]\n","protected":false},"featured_media":86870,"comment_status":"open","ping_status":"closed","template":"","meta":{"_acf_changed":false,"_seopress_robots_primary_cat":"none","_seopress_titles_title":"","_seopress_titles_desc":"","_seopress_robots_index":""},"product_brand":[1949],"product_cat":[1555,3338,7021,17494,1767],"giftcard-category":[],"class_list":{"0":"post-86868","1":"product","2":"type-product","3":"status-publish","4":"has-post-thumbnail","6":"product_brand-conimex","7":"product_cat-bacanie","8":"product_cat-dulciuri-snacksuri","9":"product_cat-dulciuri-snacks","10":"product_cat-influente-asiatice","11":"product_cat-produse-olanda","13":"first","14":"outofstock","15":"taxable","16":"shipping-taxable","17":"purchasable","18":"product-type-simple"},"acf":[],"_links":{"self":[{"href":"https:\/\/totalblue.ro\/nl\/wp-json\/wp\/v2\/product\/86868","targetHints":{"allow":["GET"]}}],"collection":[{"href":"https:\/\/totalblue.ro\/nl\/wp-json\/wp\/v2\/product"}],"about":[{"href":"https:\/\/totalblue.ro\/nl\/wp-json\/wp\/v2\/types\/product"}],"replies":[{"embeddable":true,"href":"https:\/\/totalblue.ro\/nl\/wp-json\/wp\/v2\/comments?post=86868"}],"wp:featuredmedia":[{"embeddable":true,"href":"https:\/\/totalblue.ro\/nl\/wp-json\/wp\/v2\/media\/86870"}],"wp:attachment":[{"href":"https:\/\/totalblue.ro\/nl\/wp-json\/wp\/v2\/media?parent=86868"}],"wp:term":[{"taxonomy":"product_brand","embeddable":true,"href":"https:\/\/totalblue.ro\/nl\/wp-json\/wp\/v2\/product_brand?post=86868"},{"taxonomy":"product_cat","embeddable":true,"href":"https:\/\/totalblue.ro\/nl\/wp-json\/wp\/v2\/product_cat?post=86868"},{"taxonomy":"giftcard-category","embeddable":true,"href":"https:\/\/totalblue.ro\/nl\/wp-json\/wp\/v2\/giftcard-category?post=86868"}],"curies":[{"name":"wp","href":"https:\/\/api.w.org\/{rel}","templated":true}]}}