{"id":86911,"date":"2023-03-30T14:26:46","date_gmt":"2023-03-30T11:26:46","guid":{"rendered":"https:\/\/totalblue.ro\/?post_type=product&#038;p=86911"},"modified":"2025-05-29T13:48:07","modified_gmt":"2025-05-29T10:48:07","slug":"gwoon-mini-worstenbroodjes-240g","status":"publish","type":"product","link":"https:\/\/totalblue.ro\/nl\/produs\/gwoon-mini-worstenbroodjes-240g\/","title":{"rendered":"G\u2019woon mini worstenbroodjes 240g"},"content":{"rendered":"<p>Mini-rulouri \/ foietaj<br \/>\n<span class=\"HwtZe\" lang=\"ro\"><span class=\"jCAhz JxVs2d ChMk0b\"><span class=\"ryNqvb\">Ingrediente: faina de grau, 26% carne de porc*, apa, pesmet (faina de grau, apa, tarate de grau, zahar, drojdie, sare, margarina (uleiuri vegetale (floarea soarelui, rapita, palmier, nuca de cocos), apa, emulgator: E471, acid alimentar : acid citric, colorant E160a, extract de malt de orz ), drojdie, ulei de rapi\u021b\u0103, dextroz\u0103, zah\u0103r, zer praf (LAPTE), amidon (GR\u00c2U, tapioca, porumb), sare, PROTEINE DE GR\u00c2U modificate, GLUTEN DE GR\u00c2U, sare iodata, condimente, FIBRE DE GRAU, proteine \u200b\u200bde mazare, praf de aluat (GRU), agent de tratare a fainei: E300, conservant: E200, acid alimentar: E262\/E263, emulgator: E471\/E472e, enzima (GR\u00c2U).<\/span><\/span> <span class=\"jCAhz JxVs2d ChMk0b\"><span class=\"ryNqvb\">* = Marca de calitate Better Life 1 stea Acest produs poate con\u021bine urme de OU, SOIA \u0219i SESAM.<br \/>\nVoedingswaarden per 100g : <\/span><\/span><\/span><br \/>\n<span class=\"HwtZe\" lang=\"ro\"><span class=\"jCAhz JxVs2d ChMk0b\"><span class=\"ryNqvb\">Energie <\/span><\/span><span class=\"jCAhz JxVs2d ChMk0b\"><span class=\"ryNqvb\">1148 kJ \/ 273 kcal<br \/>\n<\/span><\/span><span class=\"jCAhz JxVs2d ChMk0b\"><span class=\"ryNqvb\">Vetten <\/span><\/span><span class=\"jCAhz JxVs2d\"><span class=\"ryNqvb\">10.3 g din care a<\/span><\/span><span class=\"jCAhz JxVs2d ChMk0b\"><span class=\"ryNqvb\">cizi gra\u0219i saturati <\/span><\/span><span class=\"jCAhz JxVs2d\"><span class=\"ryNqvb\">3,4 g<br \/>\n<\/span><\/span><span class=\"jCAhz JxVs2d\"><span class=\"ryNqvb\">Carbohidra\u021bi <\/span><\/span><span class=\"jCAhz JxVs2d\"><span class=\"ryNqvb\">34,1 g <\/span><\/span><span class=\"jCAhz JxVs2d\"><span class=\"ryNqvb\">din care zaharuri <\/span><\/span><span class=\"jCAhz JxVs2d\"><span class=\"ryNqvb\">4,3 g<br \/>\n<\/span><\/span><span class=\"jCAhz JxVs2d\"><span class=\"ryNqvb\">Vezel <\/span><\/span><span class=\"jCAhz JxVs2d\"><span class=\"ryNqvb\">1,9 g<br \/>\n<\/span><\/span><span class=\"jCAhz JxVs2d\"><span class=\"ryNqvb\">Protein\u0103 <\/span><\/span><span class=\"jCAhz JxVs2d\"><span class=\"ryNqvb\">10.1 g<br \/>\n<\/span><\/span><span class=\"jCAhz JxVs2d\"><span class=\"ryNqvb\">Sare <\/span><\/span><span class=\"jCAhz JxVs2d\"><span class=\"ryNqvb\">1.50 g<br \/>\nInstructiuni de pregatire: Scoateti pateurile din ambalaj \u0219i coaceti-le timp de 5-7 minute intr-un cuptor preincalzit (160 \u00b0 C).<\/span><\/span><\/span><\/p>","protected":false},"excerpt":{"rendered":"<p>Mini-rulouri \/ foietaj Ingrediente: faina de grau, 26% carne de porc*, apa, pesmet (faina de grau, apa, tarate de grau, zahar, drojdie, sare, margarina (uleiuri vegetale (floarea soarelui, rapita, palmier, nuca de cocos), apa, emulgator: E471, acid alimentar : acid citric, colorant E160a, extract de malt de orz ), drojdie, ulei de rapi\u021b\u0103, dextroz\u0103, zah\u0103r, [&#8230;]\n","protected":false},"featured_media":86913,"comment_status":"open","ping_status":"closed","template":"","meta":{"_acf_changed":false,"_seopress_robots_primary_cat":"none","_seopress_titles_title":"","_seopress_titles_desc":"","_seopress_robots_index":""},"product_brand":[1971],"product_cat":[1555,3296,1506,3304,1767,1954],"giftcard-category":[],"class_list":{"0":"post-86911","1":"product","2":"type-product","3":"status-publish","4":"has-post-thumbnail","6":"product_brand-gwoon","7":"product_cat-bacanie","8":"product_cat-brutarie-patiserie","9":"product_cat-cafea-ceai-mic-dejun","10":"product_cat-mic-dejun-produse-olanda","11":"product_cat-produse-olanda","12":"product_cat-semipreparate","14":"first","15":"outofstock","16":"taxable","17":"shipping-taxable","18":"purchasable","19":"product-type-simple"},"acf":[],"_links":{"self":[{"href":"https:\/\/totalblue.ro\/nl\/wp-json\/wp\/v2\/product\/86911","targetHints":{"allow":["GET"]}}],"collection":[{"href":"https:\/\/totalblue.ro\/nl\/wp-json\/wp\/v2\/product"}],"about":[{"href":"https:\/\/totalblue.ro\/nl\/wp-json\/wp\/v2\/types\/product"}],"replies":[{"embeddable":true,"href":"https:\/\/totalblue.ro\/nl\/wp-json\/wp\/v2\/comments?post=86911"}],"wp:featuredmedia":[{"embeddable":true,"href":"https:\/\/totalblue.ro\/nl\/wp-json\/wp\/v2\/media\/86913"}],"wp:attachment":[{"href":"https:\/\/totalblue.ro\/nl\/wp-json\/wp\/v2\/media?parent=86911"}],"wp:term":[{"taxonomy":"product_brand","embeddable":true,"href":"https:\/\/totalblue.ro\/nl\/wp-json\/wp\/v2\/product_brand?post=86911"},{"taxonomy":"product_cat","embeddable":true,"href":"https:\/\/totalblue.ro\/nl\/wp-json\/wp\/v2\/product_cat?post=86911"},{"taxonomy":"giftcard-category","embeddable":true,"href":"https:\/\/totalblue.ro\/nl\/wp-json\/wp\/v2\/giftcard-category?post=86911"}],"curies":[{"name":"wp","href":"https:\/\/api.w.org\/{rel}","templated":true}]}}