{"id":87139,"date":"2023-03-31T11:07:43","date_gmt":"2023-03-31T08:07:43","guid":{"rendered":"https:\/\/totalblue.ro\/?post_type=product&#038;p=87139"},"modified":"2025-12-15T17:40:56","modified_gmt":"2025-12-15T15:40:56","slug":"mora-boulette-gackie-gehaktbal-20-stuks-x-125g-25kg","status":"publish","type":"product","link":"https:\/\/totalblue.ro\/nl\/produs\/mora-boulette-gackie-gehaktbal-20-stuks-x-125g-25kg\/","title":{"rendered":"Mora Boulette G'ackie Gehaktbal 20 stuks x 125g (2,5kg)"},"content":{"rendered":"<p>Ingredi\u00ebnt : <span class=\"HwtZe\" lang=\"ro\"><span class=\"jCAhz ChMk0b\"><span class=\"ryNqvb\">Carne de porc 57% (din care carne de porc separat\u0103 mecanic 11%), ap\u0103, gr\u0103sime de porc, carne de vit\u0103 6%, pesmet (f\u0103in\u0103 de gr\u00e2u, ap\u0103, drojdie, sare), ulei vegetal (r\u0103pi\u021b\u0103), ceap\u0103, sare, ierburi \u0219i condimente, protein\u0103 din soia , amidon modificat, emulgatori: E450, E452, poten\u021biatori de arom\u0103: E621, E627, E631, extract de drojdie, arom\u0103 (soia, gr\u00e2u), hidrolizat de proteine \u200b\u200bdin gr\u00e2u, antioxidant: extract de rozmarin, proteine \u200b\u200bdin carne de vit\u0103, coloran\u021bi: caramel, E150c, amidon, glucoz\u0103 Numerele de sirop \u201eE\u201d sunt excipien\u021bi aproba\u021bi de UE.<\/span><\/span> <span class=\"jCAhz ChMk0b\"><span class=\"ryNqvb\">Ingredientele \u00eendr\u0103zne\u021be pot provoca o reac\u021bie alergic\u0103 la persoanele care sunt hipersensibile la acestea.<\/span><\/span><\/span><\/p>\n<p>Voedingswaarden\/100g:<br \/>\nEnergie 1321 kJ \/ 319 Kcal<br \/>\nGrasimi 27 g din care acizi grasi saturati 9.3 g<br \/>\nCarbohidrati 3.9 g din care zaharuri 1.6 g<br \/>\nVezels 2,2 g<br \/>\nProteine 14 g<br \/>\nSare 2.1 g<br \/>\n<span class=\"HwtZe\" lang=\"ro\"><span class=\"jCAhz ChMk0b\"><span class=\"ryNqvb\">Coacerea \u00een cuptor <\/span><\/span><span class=\"jCAhz ChMk0b\"><span class=\"ryNqvb\">Cuptor\/Gratar (250\u00b0C). <\/span><\/span><span class=\"jCAhz ChMk0b\"><span class=\"ryNqvb\">Timpi de coacere: decongelat \u00b1 14 minute, congelat \u00b1 18 minute. <\/span><\/span><span class=\"jCAhz ChMk0b\"><span class=\"ryNqvb\">\u00centoarce\u021bi-v\u0103 regulat. <\/span><\/span><span class=\"jCAhz ChMk0b\"><span class=\"ryNqvb\">Nu dep\u0103\u0219i\u021bi timpul maxim de preparare \u0219i temperatura de coacere men\u021bionate. <\/span><\/span><span class=\"jCAhz ChMk0b\"><span class=\"ryNqvb\">Pr\u0103jire <\/span><\/span><span class=\"jCAhz ChMk0b\"><span class=\"ryNqvb\">Friteuz\u0103: \u00eenc\u0103lzi\u021bi gr\u0103simea sau uleiul la 175\u00baC. <\/span><\/span><span class=\"jCAhz ChMk0b\"><span class=\"ryNqvb\">Timp de coacere: decongelat \u00b1 6 minute. <\/span><\/span><span class=\"jCAhz ChMk0b\"><span class=\"ryNqvb\">Nu dep\u0103\u0219i\u021bi timpul maxim de preparare \u0219i temperatura de coacere men\u021bionate.<\/span><\/span><\/span><\/p>","protected":false},"excerpt":{"rendered":"<p><span data-text-color=\"alert\"><strong>WAARSCHUWING! BEVROREN PRODUCT! WAARSCHUWING! BEVROREN PRODUCT!<\/strong><\/span><\/p>","protected":false},"featured_media":87141,"comment_status":"open","ping_status":"closed","template":"","meta":{"_acf_changed":false,"_seopress_robots_primary_cat":"none","_seopress_titles_title":"","_seopress_titles_desc":"","_seopress_robots_index":""},"product_brand":[2024],"product_cat":[1555,2050,3256,1767,1954],"giftcard-category":[],"class_list":{"0":"post-87139","1":"product","2":"type-product","3":"status-publish","4":"has-post-thumbnail","6":"product_brand-mora","7":"product_cat-bacanie","8":"product_cat-produse-congelate","9":"product_cat-produse-congelate-produse-olanda","10":"product_cat-produse-olanda","11":"product_cat-semipreparate","12":"product_shipping_class-frozen-products","14":"first","15":"outofstock","16":"taxable","17":"shipping-taxable","18":"purchasable","19":"product-type-simple"},"acf":[],"_links":{"self":[{"href":"https:\/\/totalblue.ro\/nl\/wp-json\/wp\/v2\/product\/87139","targetHints":{"allow":["GET"]}}],"collection":[{"href":"https:\/\/totalblue.ro\/nl\/wp-json\/wp\/v2\/product"}],"about":[{"href":"https:\/\/totalblue.ro\/nl\/wp-json\/wp\/v2\/types\/product"}],"replies":[{"embeddable":true,"href":"https:\/\/totalblue.ro\/nl\/wp-json\/wp\/v2\/comments?post=87139"}],"wp:featuredmedia":[{"embeddable":true,"href":"https:\/\/totalblue.ro\/nl\/wp-json\/wp\/v2\/media\/87141"}],"wp:attachment":[{"href":"https:\/\/totalblue.ro\/nl\/wp-json\/wp\/v2\/media?parent=87139"}],"wp:term":[{"taxonomy":"product_brand","embeddable":true,"href":"https:\/\/totalblue.ro\/nl\/wp-json\/wp\/v2\/product_brand?post=87139"},{"taxonomy":"product_cat","embeddable":true,"href":"https:\/\/totalblue.ro\/nl\/wp-json\/wp\/v2\/product_cat?post=87139"},{"taxonomy":"giftcard-category","embeddable":true,"href":"https:\/\/totalblue.ro\/nl\/wp-json\/wp\/v2\/giftcard-category?post=87139"}],"curies":[{"name":"wp","href":"https:\/\/api.w.org\/{rel}","templated":true}]}}