{"id":88968,"date":"2023-04-27T16:03:13","date_gmt":"2023-04-27T13:03:13","guid":{"rendered":"https:\/\/totalblue.ro\/?post_type=product&#038;p=88968"},"modified":"2026-01-30T09:21:58","modified_gmt":"2026-01-30T07:21:58","slug":"supa-crema-de-pui-cu-ciuperci-570-ml-unox-olanda","status":"publish","type":"product","link":"https:\/\/totalblue.ro\/nl\/produs\/supa-crema-de-pui-cu-ciuperci-570-ml-unox-olanda\/","title":{"rendered":"Supa crema de pui cu ciuperci 570 ml, Unox Olanda"},"content":{"rendered":"<p>Ingredi\u00ebnt : <span class=\"HwtZe\" lang=\"ro\"><span class=\"jCAhz ChMk0b\"><span class=\"ryNqvb\">Ap\u0103, legume\u00b9 14% (ciuperci 5,8%, praz 3,7%, \u021belin\u0103, morcov 1,1%, ceap\u0103), carne de pui 3,4%, amidon de porumb modificat, crem\u0103 de br\u00e2nz\u0103 (LAPTE, sm\u00e2nt\u00e2n\u0103, lapte praf, sare, usturoi, ierburi, LAPTE, PROTEIN\u0102, Ulei de rapi\u021b\u0103, cultur\u0103 de ardei, ulei de rapi\u021b\u0103), ZAPTA PULBER\u0102, extract de drojdie (con\u021bine ORZ), arom\u0103, sare iodat\u0103, sare mineral\u0103 (potasiu), ierburi\u00b9 (p\u0103trunjel, foi de dafin), sare, stabilizatori (E451, E452), maltodextrin\u0103, suc concentrat de ciuperci, nuc\u0219oar\u0103, usturoi, extract de o\u021bet de vin alb, must de o\u021bet balsamic.<\/span><\/span> <span class=\"jCAhz ChMk0b\"><span class=\"ryNqvb\">Poate contine ou, mustar, cereale hibride, ovaz, secara, soia.<\/span><\/span> <span class=\"jCAhz ChMk0b\"><span class=\"ryNqvb\">\u00b9crescut \u00een mod durabil.<\/span><\/span><\/span><br \/>\nVoedingswaarden per 100 ml:<br \/>\nEnergie 149 kJ \/ (36 kcal)<br \/>\nGr\u0103simi 1.4 g din care satura\u021bi 0,4 g<br \/>\nCarbohidra\u021bi 3.8 g din care zaharuri 0.7 g<br \/>\nFibre alimentare 0.5 g<br \/>\nProteine \u200b\u200b1,8 g<br \/>\nSare 0,68 g<br \/>\nCantitatea ideala pentru 2 portii de supa.<br \/>\n<strong>Voorbereiding<\/strong>Doe de verpakking niet in de magnetron! Laat de soep niet koken! Doe de soep in een kom en verwarm 2,5 minuten in de magnetron op ongeveer 750 watt of verwarm de soep direct in een pan of pot en roer voorzichtig. Na het verwarmen is de soep klaar om van te smullen!<br \/>\n<strong>Mod pastrare<\/strong>: Dupa deschiderea pungii, aceasta sup\u0103 poate fi pastrata maxim 2 zile la frigider. Inchideti punga.<br \/>\nInhoud en gewicht : 570 ml, zakje.<br \/>\nGeproduceerd in Nederland door Unilever Nederland Unox, Postbus 160 3000 AD Rotterdam<br \/>\nImporteur en distributeur Total Blue Impex SRL<\/p>","protected":false},"excerpt":{"rendered":"<p>Ingrediente : Ap\u0103, legume\u00b9 14% (ciuperci 5,8%, praz 3,7%, \u021belin\u0103, morcov 1,1%, ceap\u0103), carne de pui 3,4%, amidon de porumb modificat, crem\u0103 de br\u00e2nz\u0103 (LAPTE, sm\u00e2nt\u00e2n\u0103, lapte praf, sare, usturoi, ierburi, LAPTE, PROTEIN\u0102, Ulei de rapi\u021b\u0103, cultur\u0103 de ardei, ulei de rapi\u021b\u0103), ZAPTA PULBER\u0102, extract de drojdie (con\u021bine ORZ), arom\u0103, sare iodat\u0103, sare mineral\u0103 (potasiu), [&#8230;]\n","protected":false},"featured_media":217740,"comment_status":"open","ping_status":"closed","template":"","meta":{"_acf_changed":false,"_seopress_robots_primary_cat":"none","_seopress_titles_title":"","_seopress_titles_desc":"","_seopress_robots_index":""},"product_brand":[1925],"product_cat":[1555,1683,3272,1767],"giftcard-category":[],"class_list":{"0":"post-88968","1":"product","2":"type-product","3":"status-publish","4":"has-post-thumbnail","6":"product_brand-unox","7":"product_cat-bacanie","8":"product_cat-conserve-mancare-gatita","9":"product_cat-conserve","10":"product_cat-produse-olanda","12":"first","13":"outofstock","14":"taxable","15":"shipping-taxable","16":"purchasable","17":"product-type-simple"},"acf":[],"_links":{"self":[{"href":"https:\/\/totalblue.ro\/nl\/wp-json\/wp\/v2\/product\/88968","targetHints":{"allow":["GET"]}}],"collection":[{"href":"https:\/\/totalblue.ro\/nl\/wp-json\/wp\/v2\/product"}],"about":[{"href":"https:\/\/totalblue.ro\/nl\/wp-json\/wp\/v2\/types\/product"}],"replies":[{"embeddable":true,"href":"https:\/\/totalblue.ro\/nl\/wp-json\/wp\/v2\/comments?post=88968"}],"wp:featuredmedia":[{"embeddable":true,"href":"https:\/\/totalblue.ro\/nl\/wp-json\/wp\/v2\/media\/217740"}],"wp:attachment":[{"href":"https:\/\/totalblue.ro\/nl\/wp-json\/wp\/v2\/media?parent=88968"}],"wp:term":[{"taxonomy":"product_brand","embeddable":true,"href":"https:\/\/totalblue.ro\/nl\/wp-json\/wp\/v2\/product_brand?post=88968"},{"taxonomy":"product_cat","embeddable":true,"href":"https:\/\/totalblue.ro\/nl\/wp-json\/wp\/v2\/product_cat?post=88968"},{"taxonomy":"giftcard-category","embeddable":true,"href":"https:\/\/totalblue.ro\/nl\/wp-json\/wp\/v2\/giftcard-category?post=88968"}],"curies":[{"name":"wp","href":"https:\/\/api.w.org\/{rel}","templated":true}]}}