{"id":95840,"date":"2023-07-12T15:44:09","date_gmt":"2023-07-12T12:44:09","guid":{"rendered":"https:\/\/totalblue.ro\/?post_type=product&#038;p=95840"},"modified":"2026-01-21T11:48:34","modified_gmt":"2026-01-21T09:48:34","slug":"clipper-classic-chai-organic-infusion-20-pliculete","status":"publish","type":"product","link":"https:\/\/totalblue.ro\/nl\/produs\/clipper-classic-chai-organic-infusion-20-pliculete\/","title":{"rendered":"Clipper Classic chai biologische infusie 20 zakjes"},"content":{"rendered":"<p>Ingredi\u00ebnt : <span class=\"HwtZe\" lang=\"ro\"><span class=\"jCAhz JxVs2d ChMk0b\"><span class=\"ryNqvb\">Scor\u021bi\u0219oar\u0103 (47%), semin\u021be de fenicul, ghimbir (12%), coaj\u0103 de portocal\u0103, lemn dulce, cui\u0219oare (3%), r\u0103d\u0103cin\u0103 de cicoare.<\/span><\/span><\/span><br \/>\nUtilizare: Se toarn\u0103 ap\u0103 clocotit\u0103 peste o plicule\u021be de ceai \u0219i se las\u0103 la infuzat 2-4 minute.<\/p>\n<p><a href=\"https:\/\/totalblue.ro\/wp-content\/uploads\/2021\/02\/bio02.jpg\"><img loading=\"lazy\" decoding=\"async\" class=\"alignnone size-full wp-image-27483\" src=\"https:\/\/totalblue.ro\/wp-content\/uploads\/2021\/02\/bio02.jpg\" alt=\"\" width=\"80\" height=\"80\" \/><\/a><br \/>\nImport Olanda: Wessanen Nederland Holding BV, Hoogoorddreef 5, 1101 BA, Amsterdam, The Netherlands<\/p>","protected":false},"excerpt":{"rendered":"<p>Ingrediente : Scor\u021bi\u0219oar\u0103 (47%), semin\u021be de fenicul, ghimbir (12%), coaj\u0103 de portocal\u0103, lemn dulce, cui\u0219oare (3%), r\u0103d\u0103cin\u0103 de cicoare. Utilizare: Se toarn\u0103 ap\u0103 clocotit\u0103 peste o plicule\u021be de ceai \u0219i se las\u0103 la infuzat 2-4 minute. Import Olanda: Wessanen Nederland Holding BV, Hoogoorddreef 5, 1101 BA, Amsterdam, The Netherlands<\/p>","protected":false},"featured_media":95844,"comment_status":"open","ping_status":"closed","template":"","meta":{"_acf_changed":false,"_seopress_robots_primary_cat":"none","_seopress_titles_title":"","_seopress_titles_desc":"","_seopress_robots_index":""},"product_brand":[4320],"product_cat":[1555,1506,3320,1767],"giftcard-category":[],"class_list":{"0":"post-95840","1":"product","2":"type-product","3":"status-publish","4":"has-post-thumbnail","6":"product_brand-clipper","7":"product_cat-bacanie","8":"product_cat-cafea-ceai-mic-dejun","9":"product_cat-cafea-ceai-lapte","10":"product_cat-produse-olanda","12":"first","13":"outofstock","14":"taxable","15":"shipping-taxable","16":"purchasable","17":"product-type-simple"},"acf":[],"_links":{"self":[{"href":"https:\/\/totalblue.ro\/nl\/wp-json\/wp\/v2\/product\/95840","targetHints":{"allow":["GET"]}}],"collection":[{"href":"https:\/\/totalblue.ro\/nl\/wp-json\/wp\/v2\/product"}],"about":[{"href":"https:\/\/totalblue.ro\/nl\/wp-json\/wp\/v2\/types\/product"}],"replies":[{"embeddable":true,"href":"https:\/\/totalblue.ro\/nl\/wp-json\/wp\/v2\/comments?post=95840"}],"wp:featuredmedia":[{"embeddable":true,"href":"https:\/\/totalblue.ro\/nl\/wp-json\/wp\/v2\/media\/95844"}],"wp:attachment":[{"href":"https:\/\/totalblue.ro\/nl\/wp-json\/wp\/v2\/media?parent=95840"}],"wp:term":[{"taxonomy":"product_brand","embeddable":true,"href":"https:\/\/totalblue.ro\/nl\/wp-json\/wp\/v2\/product_brand?post=95840"},{"taxonomy":"product_cat","embeddable":true,"href":"https:\/\/totalblue.ro\/nl\/wp-json\/wp\/v2\/product_cat?post=95840"},{"taxonomy":"giftcard-category","embeddable":true,"href":"https:\/\/totalblue.ro\/nl\/wp-json\/wp\/v2\/giftcard-category?post=95840"}],"curies":[{"name":"wp","href":"https:\/\/api.w.org\/{rel}","templated":true}]}}