{"id":98891,"date":"2023-08-18T10:15:00","date_gmt":"2023-08-18T07:15:00","guid":{"rendered":"https:\/\/totalblue.ro\/?post_type=product&#038;p=98891"},"modified":"2026-02-25T15:00:03","modified_gmt":"2026-02-25T13:00:03","slug":"lapte-praf-de-continuare-bon-bebe-no-2-cu-provita-800-g-6-10-luni","status":"publish","type":"product","link":"https:\/\/totalblue.ro\/nl\/produs\/lapte-praf-de-continuare-bon-bebe-no-2-cu-provita-800-g-6-10-luni\/","title":{"rendered":"Vervolgzuigelingenvoeding, Bon Bebe no 2, met ProVita+, 800 g, 6-10 maanden"},"content":{"rendered":"<p>Laptele praf Bonb\u00e9b\u00e9 Standard 2 este un lapte de continuare pentru sugarii sanatosi care poate fi folosit de la 6 luni, atunci cand acestia nu pot fi alaptati.<br \/>\nProVita+ este un amestec format dintr-un amestec de fibre prebiotice GOS \u0219i FOS \u00een raport de 9:1.<br \/>\nAcest produs este ambalat \u00een atmosfer\u0103 protectoare.<br \/>\nDup\u0103 deschidere, con\u021binutul poate fi p\u0103strat maxim 4 s\u0103pt\u0103m\u00e2ni.<\/p>\n<p><strong>Ingredi\u00ebnt:<\/strong> zer demineralizat (LAPTE), gr\u0103simi (uleiuri vegetale (palm, miez de palmier, rapi\u021b\u0103, floarea soarelui) ULEI DE PESTE (DHA), ulei de Mortierella alpina (AA)), LAPTE degresat, lactoz\u0103 (LAPTE), maltodextrin\u0103 (porumb), fibre (galactooligozaharid\u0103 (LAPTE), fructooligozaharid\u0103), minerale (citrat de potasiu, fosfat de calciu, carbonat de calciu, clorur\u0103 de sodiu, citrat de magneziu, clorur\u0103 de potasiu, hidroxid de calciu, sulfat de fier, sulfat de zinc, sulfat de cupru, sulfat de mangan, iodur\u0103 de potasiu, selenit de sodiu, ), vitamine (acid L-ascorbic, L-ascorbat de sodiu, acetat de DL-alfa tocoferil, nicotinamid\u0103, D-pantotenat de calciu, acetat de retinil, riboflavin\u0103, clorhidrat de tiamin\u0103, colecalciferol, clorhidrat de piridoxin\u0103, acid folic, D-biotina, fitomenadion\u0103, fitominamin\u0103 ), clorur\u0103 de colin\u0103, taurin\u0103, nucleotide (sare de sodiu citidin\u0103 5&#8242;-monofosfat, sare de sodiu uridin\u0103 5&#8242;-monofosfat, adenozin\u0103 5&#8242;-monofosfat, guanozin\u0103 5&#8242;-monofosfat sare de sodiu, inozin\u0103 5&#8242;-monofosfat sare de sodiu), inozitol, antioxidant ( palmitat de ascorbil\/D-tocoferoli (SOIA)), emulgator (mono-digliceride ale acizilor gra\u0219i, LECITIN\u0102 DE SOIA)<\/p>\n<p><strong>Utilizare :<br \/>\n<\/strong>1. Spalati-va bine pe maini inainte de a pregati laptele pentru sugari.<br \/>\n2. Asigurati-va ca biberonul si tetina sunt curate.<br \/>\n3. Fierbe-le timp de 5 minute. Lasa-le acoperite pana la folosire.<br \/>\n4. Fierbe apa potabila timp de 5 minute, las-o apoi sa se raceasca (~37\u00b0C).<br \/>\n5. Consulta modul de preparare si toarna exact cantitatea de apa necesara.<br \/>\n6. Foloseste doar masura din interior si niveleaza pudra cu ajutorul inelului interior fara sa presezi.<br \/>\n7. Consulta modul de preparare; adauga numarul exact de masuri rase corespunzator varstei sugarului.<br \/>\n8. Dupa utilizare, asaza masura suspendata in spatiul din interiorul cutiei asa cum este aratat in imagine.<br \/>\n9. Inchide biberonul si agita bine pana cand pudra s-a dizolvat complet.<br \/>\n10. Inchide bine cutia dupa fiecare folosire si pastreaz-o intr-un loc racoros si uscat.<\/p>\n<p><a href=\"https:\/\/racekids.ro\/wp-content\/uploads\/2022\/04\/little-steps-2-mod-de-pregatire.jpg\"><img loading=\"lazy\" decoding=\"async\" class=\"alignnone size-full wp-image-63216\" src=\"https:\/\/racekids.ro\/wp-content\/uploads\/2022\/04\/little-steps-2-mod-de-pregatire.jpg\" alt=\"\" width=\"725\" height=\"543\" \/><\/a><br \/>\nV\u00e2rsta \u00een luni: 6-8; Numar de linguri: 6; Ap\u0103 (ml): 180; Nutri\u021bie total\u0103 (ml): 200; Num\u0103r de hr\u0103niri la 24 de ore: 3-4;<br \/>\nV\u00e2rsta \u00een luni: 8-10; Numar de linguri: 6; Ap\u0103 (ml): 180; Nutri\u021bie total\u0103 (ml): 200; Num\u0103rul de hr\u0103niri pe 24 de ore: 3.<br \/>\n1 lingur\u0103 de m\u0103surare nivel\u0103 = 4,9 grame.<\/p>\n<p>Declaratie nutritionala per 100 ml lapte preparat<br \/>\nValoare energetica 287 kJ \/ 68 kcal<br \/>\nGrasimi 3.2 g din care acizi grasi saturati 1.3 g<br \/>\ndin care acizi grasi mono-nesaturati 1.3 g<br \/>\ndin care acizi grasi poli-nesaturati 0.63 g<br \/>\nacid \u03b1-linolenic (ALA) 44 mg<br \/>\nacid docosahexaenoic (DHA) 17 mg<br \/>\nacid linoleic (LA) 444 mg<br \/>\nGlucide 8.2 g din care zaharuri 6.5 g din care lactoza 6.3 g<br \/>\nFibre 0.5 g<br \/>\nProteine 1.5 g<br \/>\nCalciu 58 mg<br \/>\nFosfor 35 mg<br \/>\nPotasiu 71 mg<br \/>\nSodiu 22 mg<br \/>\nClorura 54 mg<br \/>\nFier 1 mg<br \/>\nZinc 0.54 mg<br \/>\nIod 13 \u03bcg<br \/>\nSeleniu 3.1 \u03bcg<br \/>\nCupru 44 \u03bcg<br \/>\nMagneziu 5.8 mg<br \/>\nMangan 6.3 \u03bcg<br \/>\nAcid Folic 13 \u03bcg<br \/>\nVitamina A 68 \u03bcg<br \/>\nVitamina D 1.7 \u03bcg<br \/>\nVitamina E 1.1 mg TE<br \/>\nVitamina K 6.9 \u03bcg<br \/>\nVitamina C 11 mg<br \/>\nTiamina 68 \u03bcg<br \/>\nRiboflavina 160 \u03bcg<br \/>\nNiacina 0.58 \u03bcg<br \/>\nVitamina B6 72 mg<br \/>\nVitamina B12 0.21 \u03bcg<br \/>\nAcid pantotenic 0.44 mg<br \/>\nBiotina 2.7 \u03bcg<\/p>\n<p>&nbsp;<\/p>\n<p>&nbsp;<\/p>\n<p>&nbsp;<\/p>","protected":false},"excerpt":{"rendered":"<p>Laptele praf Bonb\u00e9b\u00e9 Standard 2 este un lapte de continuare pentru sugarii sanatosi care poate fi folosit de la 6 luni, atunci cand acestia nu pot fi alaptati. ProVita+ este un amestec format dintr-un amestec de fibre prebiotice GOS \u0219i FOS \u00een raport de 9:1. Acest produs este ambalat \u00een atmosfer\u0103 protectoare. Dup\u0103 deschidere, con\u021binutul [&#8230;]\n","protected":false},"featured_media":216736,"comment_status":"open","ping_status":"closed","template":"","meta":{"_acf_changed":false,"_seopress_robots_primary_cat":"1767","_seopress_titles_title":"","_seopress_titles_desc":"","_seopress_robots_index":""},"product_brand":[7974],"product_cat":[1984,1520,5677,1767],"giftcard-category":[],"class_list":{"0":"post-98891","1":"product","2":"type-product","3":"status-publish","4":"has-post-thumbnail","6":"product_brand-bon-bebe","7":"product_cat-hrana-bebelusi","8":"product_cat-mama-copilul","9":"product_cat-mancare-si-accesorii-bebe","10":"product_cat-produse-olanda","12":"first","13":"instock","14":"taxable","15":"shipping-taxable","16":"purchasable","17":"product-type-simple"},"acf":[],"_links":{"self":[{"href":"https:\/\/totalblue.ro\/nl\/wp-json\/wp\/v2\/product\/98891","targetHints":{"allow":["GET"]}}],"collection":[{"href":"https:\/\/totalblue.ro\/nl\/wp-json\/wp\/v2\/product"}],"about":[{"href":"https:\/\/totalblue.ro\/nl\/wp-json\/wp\/v2\/types\/product"}],"replies":[{"embeddable":true,"href":"https:\/\/totalblue.ro\/nl\/wp-json\/wp\/v2\/comments?post=98891"}],"wp:featuredmedia":[{"embeddable":true,"href":"https:\/\/totalblue.ro\/nl\/wp-json\/wp\/v2\/media\/216736"}],"wp:attachment":[{"href":"https:\/\/totalblue.ro\/nl\/wp-json\/wp\/v2\/media?parent=98891"}],"wp:term":[{"taxonomy":"product_brand","embeddable":true,"href":"https:\/\/totalblue.ro\/nl\/wp-json\/wp\/v2\/product_brand?post=98891"},{"taxonomy":"product_cat","embeddable":true,"href":"https:\/\/totalblue.ro\/nl\/wp-json\/wp\/v2\/product_cat?post=98891"},{"taxonomy":"giftcard-category","embeddable":true,"href":"https:\/\/totalblue.ro\/nl\/wp-json\/wp\/v2\/giftcard-category?post=98891"}],"curies":[{"name":"wp","href":"https:\/\/api.w.org\/{rel}","templated":true}]}}