{"id":99104,"date":"2023-08-22T14:04:43","date_gmt":"2023-08-22T11:04:43","guid":{"rendered":"https:\/\/totalblue.ro\/?post_type=product&#038;p=99104"},"modified":"2025-01-30T15:00:33","modified_gmt":"2025-01-30T13:00:33","slug":"scutece-bon-bebe-medium-no-3-5-9-kg-48-bucati","status":"publish","type":"product","link":"https:\/\/totalblue.ro\/nl\/produs\/scutece-bon-bebe-medium-no-3-5-9-kg-48-bucati\/","title":{"rendered":"Scutece Bon Bebe, Medium, no 3, 5-9 kg, 48 bucati"},"content":{"rendered":"<div id=\"tab-description\" class=\"woocommerce-Tabs-panel woocommerce-Tabs-panel--description panel entry-content active\" role=\"tabpanel\" aria-labelledby=\"tab-title-description\">\n<div id=\"tab-description\" class=\"woocommerce-Tabs-panel woocommerce-Tabs-panel--description panel entry-content active\" role=\"tabpanel\" aria-labelledby=\"tab-title-description\">\n<div id=\"tab-description\" class=\"woocommerce-Tabs-panel woocommerce-Tabs-panel--description panel entry-content active\" role=\"tabpanel\" aria-labelledby=\"tab-title-description\">\n<div id=\"tab-description\" class=\"woocommerce-Tabs-panel woocommerce-Tabs-panel--description panel entry-content active\" role=\"tabpanel\" aria-labelledby=\"tab-title-description\">\n<div id=\"tab-description\" class=\"woocommerce-Tabs-panel woocommerce-Tabs-panel--description panel entry-content active\" role=\"tabpanel\" aria-labelledby=\"tab-title-description\">Bonb\u00e9b\u00e9 luiers bevatten magische kanalen met een zachte bovenlaag voor een betere bescherming tegen lekken.<br \/>\nAbsorptiekanalen helpen vocht gelijkmatig te verdelen, zodat het sneller wordt opgenomen en tot 12 uur lang beschermt.<br \/>\nDe bovenste laag is een extra laag die voorkomt dat vocht terug in de huid kan trekken. Bovendien is deze laag zeer zacht en dun voor extra comfort en bewegingsvrijheid.<br \/>\nTot 12 uur bescherming, dag en nacht<br \/>\nLuiers hebben een natheidsindicator die blauw wordt om aan te geven dat je baby verschoond moet worden.<br \/>\nDe elastische sluiting rond de taille en benen past zich aan de vorm en bewegingen van je kind aan voor een perfecte pasvorm in elke positie.<\/div>\n<\/div>\n<\/div>\n<\/div>\n<\/div>","protected":false},"excerpt":{"rendered":"<p>Scutecele Bonb\u00e9b\u00e9 con\u021bin canale magice cu un strat superior moale ce ofer\u0103 o protec\u021bie mai bun\u0103 \u00eempotriva scurgerilor. Canalele de absorb\u021bie ajut\u0103 la distribuirea uniform\u0103 a umidit\u0103\u021bii, astfel \u00eenc\u00e2t aceasta s\u0103 fie absorbita mai repede \u0219i s\u0103 protejeze p\u00e2n\u0103 la 12 ore. Stratul superior este un strat suplimentar care \u00eempiedic\u0103 umiditatea s\u0103 revin\u0103 \u00een piele. [&#8230;]\n","protected":false},"featured_media":99105,"comment_status":"open","ping_status":"closed","template":"","meta":{"_acf_changed":false,"_seopress_robots_primary_cat":"1938","_seopress_titles_title":"","_seopress_titles_desc":"Noile scutecele Pampers au un extra strat absorbant pentru nopti uscate, care ajuta la absorbtia rapida a lichidului.","_seopress_robots_index":""},"product_brand":[7974],"product_cat":[1520,1938],"giftcard-category":[],"class_list":{"0":"post-99104","1":"product","2":"type-product","3":"status-publish","4":"has-post-thumbnail","6":"product_brand-bon-bebe","7":"product_cat-mama-copilul","8":"product_cat-scutece-servetele-umede","10":"first","11":"outofstock","12":"taxable","13":"shipping-taxable","14":"purchasable","15":"product-type-simple"},"acf":[],"_links":{"self":[{"href":"https:\/\/totalblue.ro\/nl\/wp-json\/wp\/v2\/product\/99104","targetHints":{"allow":["GET"]}}],"collection":[{"href":"https:\/\/totalblue.ro\/nl\/wp-json\/wp\/v2\/product"}],"about":[{"href":"https:\/\/totalblue.ro\/nl\/wp-json\/wp\/v2\/types\/product"}],"replies":[{"embeddable":true,"href":"https:\/\/totalblue.ro\/nl\/wp-json\/wp\/v2\/comments?post=99104"}],"wp:featuredmedia":[{"embeddable":true,"href":"https:\/\/totalblue.ro\/nl\/wp-json\/wp\/v2\/media\/99105"}],"wp:attachment":[{"href":"https:\/\/totalblue.ro\/nl\/wp-json\/wp\/v2\/media?parent=99104"}],"wp:term":[{"taxonomy":"product_brand","embeddable":true,"href":"https:\/\/totalblue.ro\/nl\/wp-json\/wp\/v2\/product_brand?post=99104"},{"taxonomy":"product_cat","embeddable":true,"href":"https:\/\/totalblue.ro\/nl\/wp-json\/wp\/v2\/product_cat?post=99104"},{"taxonomy":"giftcard-category","embeddable":true,"href":"https:\/\/totalblue.ro\/nl\/wp-json\/wp\/v2\/giftcard-category?post=99104"}],"curies":[{"name":"wp","href":"https:\/\/api.w.org\/{rel}","templated":true}]}}